{"id":88,"date":"2022-03-14T16:09:10","date_gmt":"2022-03-14T16:09:10","guid":{"rendered":"https:\/\/restart-ahlen.de\/?page_id=88"},"modified":"2023-06-04T15:21:29","modified_gmt":"2023-06-04T15:21:29","slug":"bewaehrungshilfe-ahlen-hilfe-ueber-restart-ahlen","status":"publish","type":"page","link":"https:\/\/restart-ahlen.de\/?page_id=88","title":{"rendered":"Was leisten wir?"},"content":{"rendered":"<p>[et_pb_section fb_built=&#8220;1&#8243; admin_label=&#8220;Header&#8220; _builder_version=&#8220;4.16&#8243; use_background_color_gradient=&#8220;on&#8220; background_color_gradient_stops=&#8220;rgba(0,19,46,0.6) 0%|rgba(0,19,46,0.6) 100%&#8220; background_color_gradient_overlays_image=&#8220;on&#8220; background_color_gradient_start=&#8220;rgba(0,19,46,0.6)&#8220; background_color_gradient_end=&#8220;rgba(0,19,46,0.6)&#8220; background_image=&#8220;https:\/\/restart-ahlen.de\/wp-content\/uploads\/2022\/03\/financial-advisor-43.jpg&#8220; custom_padding=&#8220;||||false|false&#8220; locked=&#8220;off&#8220; global_colors_info=&#8220;{}&#8220;][et_pb_row make_equal=&#8220;on&#8220; _builder_version=&#8220;4.16&#8243; global_colors_info=&#8220;{}&#8220;][et_pb_column type=&#8220;4_4&#8243; _builder_version=&#8220;4.16&#8243; global_colors_info=&#8220;{}&#8220;][et_pb_text _builder_version=&#8220;4.16&#8243; header_font=&#8220;Georgia|900|||||||&#8220; header_font_size=&#8220;100px&#8220; background_layout=&#8220;dark&#8220; custom_margin=&#8220;||||false|false&#8220; header_font_size_tablet=&#8220;70px&#8220; header_font_size_phone=&#8220;41px&#8220; header_font_size_last_edited=&#8220;on|phone&#8220; global_colors_info=&#8220;{}&#8220;]<\/p>\n<h1>Was leisten wir?<\/h1>\n<p>[\/et_pb_text][\/et_pb_column][\/et_pb_row][\/et_pb_section][et_pb_section fb_built=&#8220;1&#8243; admin_label=&#8220;Services&#8220; _builder_version=&#8220;4.16&#8243; global_colors_info=&#8220;{}&#8220;][et_pb_row _builder_version=&#8220;4.16&#8243; global_colors_info=&#8220;{}&#8220;][et_pb_column type=&#8220;4_4&#8243; _builder_version=&#8220;4.16&#8243; global_colors_info=&#8220;{}&#8220;][et_pb_blurb icon_placement=&#8220;left&#8220; image_icon_width=&#8220;64px&#8220; content_max_width=&#8220;100%&#8220; image_icon_width_tablet=&#8220;64px&#8220; image_icon_width_phone=&#8220;32px&#8220; image_icon_width_last_edited=&#8220;on|tablet&#8220; _builder_version=&#8220;4.16&#8243; header_font=&#8220;Arial|900|||||||&#8220; header_font_size=&#8220;22px&#8220; header_line_height=&#8220;1.4em&#8220; body_font=&#8220;Arial|600|||||||&#8220; body_font_size=&#8220;18px&#8220; body_line_height=&#8220;1.4em&#8220; background_color=&#8220;#f8f5f1&#8243; text_orientation=&#8220;justified&#8220; custom_padding=&#8220;40px|20px|40px|20px|true|true&#8220; animation=&#8220;off&#8220; link_option_url=&#8220;#&#8220; image_max_width=&#8220;64px&#8220; image_max_width_tablet=&#8220;&#8220; image_max_width_phone=&#8220;32px&#8220; image_max_width_last_edited=&#8220;on|tablet&#8220; global_colors_info=&#8220;{}&#8220;]<\/p>\n<p style=\"margin-bottom: 0cm; line-height: 16.8pt; vertical-align: baseline;\"><span style=\"font-family: 'Arial',sans-serif;\">Durch die wirtschaftliche Unterst\u00fctzung von Klienten der ambulanten sozialen Dienste der Justiz tragen wir dazu bei, schwierige Lebenslagen von Bew\u00e4hrungsprobanden zu stabilisieren.<\/span><\/p>\n<p style=\"margin-bottom: 0cm; line-height: 16.8pt; vertical-align: baseline;\"><span style=\"font-family: 'Arial',sans-serif;\">Verwendungszweck kann im Einzelfall unter anderem sein:<\/span><\/p>\n<p>[\/et_pb_blurb][\/et_pb_column][\/et_pb_row][et_pb_row _builder_version=&#8220;4.16&#8243; _module_preset=&#8220;default&#8220; global_colors_info=&#8220;{}&#8220;][et_pb_column type=&#8220;4_4&#8243; _builder_version=&#8220;4.16&#8243; _module_preset=&#8220;default&#8220; global_colors_info=&#8220;{}&#8220;][et_pb_blurb title=&#8220;Kleinere Schuldenregulierung&#8220; image=&#8220;https:\/\/restart-ahlen.de\/wp-content\/uploads\/2022\/03\/financial-advisor-icon-61x.png&#8220; icon_placement=&#8220;left&#8220; image_icon_width=&#8220;64px&#8220; content_max_width=&#8220;100%&#8220; image_icon_width_tablet=&#8220;64px&#8220; image_icon_width_phone=&#8220;32px&#8220; image_icon_width_last_edited=&#8220;on|tablet&#8220; _builder_version=&#8220;4.16&#8243; header_font=&#8220;Arial|900|||||||&#8220; header_font_size=&#8220;22px&#8220; header_line_height=&#8220;1.4em&#8220; body_font=&#8220;Darker Grotesque|600|||||||&#8220; body_font_size=&#8220;18px&#8220; body_line_height=&#8220;1.4em&#8220; background_color=&#8220;#f8f5f1&#8243; custom_padding=&#8220;40px|20px|40px|20px|true|true&#8220; animation=&#8220;off&#8220; link_option_url=&#8220;#&#8220; image_max_width=&#8220;64px&#8220; image_max_width_tablet=&#8220;&#8220; image_max_width_phone=&#8220;32px&#8220; image_max_width_last_edited=&#8220;on|tablet&#8220; locked=&#8220;off&#8220; global_colors_info=&#8220;{}&#8220;][\/et_pb_blurb][\/et_pb_column][\/et_pb_row][et_pb_row _builder_version=&#8220;4.16&#8243; _module_preset=&#8220;default&#8220; global_colors_info=&#8220;{}&#8220;][et_pb_column type=&#8220;4_4&#8243; _builder_version=&#8220;4.16&#8243; _module_preset=&#8220;default&#8220; global_colors_info=&#8220;{}&#8220;][et_pb_blurb title=&#8220;Mitfinanzierung von sozialer Gruppenarbeit, die die soziale Kompetenz der Klienten f\u00f6rdert und erweitert&#8220; image=&#8220;https:\/\/restart-ahlen.de\/wp-content\/uploads\/2022\/03\/financial-advisor-icon-81x.png&#8220; icon_placement=&#8220;left&#8220; image_icon_width=&#8220;64px&#8220; content_max_width=&#8220;100%&#8220; image_icon_width_tablet=&#8220;64px&#8220; image_icon_width_phone=&#8220;32px&#8220; image_icon_width_last_edited=&#8220;on|tablet&#8220; _builder_version=&#8220;4.16&#8243; header_font=&#8220;Arial|900|||||||&#8220; header_font_size=&#8220;22px&#8220; header_line_height=&#8220;1.4em&#8220; body_font=&#8220;Darker Grotesque|600|||||||&#8220; body_font_size=&#8220;18px&#8220; body_line_height=&#8220;1.4em&#8220; background_color=&#8220;#f8f5f1&#8243; custom_padding=&#8220;40px|20px|40px|20px|true|true&#8220; animation=&#8220;off&#8220; link_option_url=&#8220;#&#8220; image_max_width=&#8220;64px&#8220; image_max_width_tablet=&#8220;&#8220; image_max_width_phone=&#8220;32px&#8220; image_max_width_last_edited=&#8220;on|tablet&#8220; global_colors_info=&#8220;{}&#8220;][\/et_pb_blurb][\/et_pb_column][\/et_pb_row][et_pb_row _builder_version=&#8220;4.16&#8243; _module_preset=&#8220;default&#8220; global_colors_info=&#8220;{}&#8220;][et_pb_column type=&#8220;4_4&#8243; _builder_version=&#8220;4.16&#8243; _module_preset=&#8220;default&#8220; global_colors_info=&#8220;{}&#8220;][et_pb_blurb title=&#8220;Opferentsch\u00e4digung aus einem Opferentsch\u00e4digungs-Fonds&#8220; image=&#8220;https:\/\/restart-ahlen.de\/wp-content\/uploads\/2022\/03\/financial-advisor-icon-41x.png&#8220; icon_placement=&#8220;left&#8220; image_icon_width=&#8220;64px&#8220; content_max_width=&#8220;100%&#8220; image_icon_width_tablet=&#8220;64px&#8220; image_icon_width_phone=&#8220;32px&#8220; image_icon_width_last_edited=&#8220;on|tablet&#8220; _builder_version=&#8220;4.16&#8243; header_font=&#8220;Arial|900|||||||&#8220; header_font_size=&#8220;22px&#8220; header_line_height=&#8220;1.4em&#8220; body_font=&#8220;Darker Grotesque|600|||||||&#8220; body_font_size=&#8220;18px&#8220; body_line_height=&#8220;1.4em&#8220; background_color=&#8220;#f8f5f1&#8243; custom_padding=&#8220;40px|20px|40px|20px|true|true&#8220; animation=&#8220;off&#8220; link_option_url=&#8220;#&#8220; image_max_width=&#8220;64px&#8220; image_max_width_tablet=&#8220;&#8220; image_max_width_phone=&#8220;32px&#8220; image_max_width_last_edited=&#8220;on|tablet&#8220; locked=&#8220;off&#8220; global_colors_info=&#8220;{}&#8220;][\/et_pb_blurb][et_pb_blurb icon_placement=&#8220;left&#8220; image_icon_width=&#8220;64px&#8220; content_max_width=&#8220;100%&#8220; image_icon_width_tablet=&#8220;64px&#8220; image_icon_width_phone=&#8220;32px&#8220; image_icon_width_last_edited=&#8220;on|tablet&#8220; _builder_version=&#8220;4.16&#8243; header_font=&#8220;Darker Grotesque|900|||||||&#8220; header_font_size=&#8220;22px&#8220; header_line_height=&#8220;1.4em&#8220; body_font=&#8220;Arial|600|||||||&#8220; body_font_size=&#8220;18px&#8220; body_line_height=&#8220;1.4em&#8220; background_color=&#8220;#f8f5f1&#8243; text_orientation=&#8220;justified&#8220; custom_padding=&#8220;40px|20px|40px|20px|true|true&#8220; animation=&#8220;off&#8220; link_option_url=&#8220;#&#8220; image_max_width=&#8220;64px&#8220; image_max_width_tablet=&#8220;&#8220; image_max_width_phone=&#8220;32px&#8220; image_max_width_last_edited=&#8220;on|tablet&#8220; global_colors_info=&#8220;{}&#8220;]<\/p>\n<p>Wir f\u00f6rdern auch die fachliche Weiterbildung der Bew\u00e4hrungshelfer\/innen durch \u00dcbernahme von Kosten, f\u00fcr welche die Justizverwaltung ausreichende Mittel nicht zur Verf\u00fcgung stellen kann.<\/p>\n<p>[\/et_pb_blurb][\/et_pb_column][\/et_pb_row][\/et_pb_section]<\/p>\n","protected":false},"excerpt":{"rendered":"<p>Was leisten wir?Durch die wirtschaftliche Unterst\u00fctzung von Klienten der ambulanten sozialen Dienste der Justiz tragen wir dazu bei, schwierige Lebenslagen von Bew\u00e4hrungsprobanden zu stabilisieren. Verwendungszweck kann im Einzelfall unter anderem sein:Wir f\u00f6rdern auch die fachliche Weiterbildung der Bew\u00e4hrungshelfer\/innen durch \u00dcbernahme von Kosten, f\u00fcr welche die Justizverwaltung ausreichende Mittel nicht zur Verf\u00fcgung stellen kann.<\/p>\n","protected":false},"author":1,"featured_media":0,"parent":0,"menu_order":0,"comment_status":"closed","ping_status":"closed","template":"","meta":{"_et_pb_use_builder":"on","_et_pb_old_content":"","_et_gb_content_width":"","om_disable_all_campaigns":false,"_monsterinsights_skip_tracking":false,"_monsterinsights_sitenote_active":false,"_monsterinsights_sitenote_note":"","_monsterinsights_sitenote_category":0,"footnotes":""},"class_list":["post-88","page","type-page","status-publish","hentry"],"aioseo_notices":[],"_links":{"self":[{"href":"https:\/\/restart-ahlen.de\/index.php?rest_route=\/wp\/v2\/pages\/88","targetHints":{"allow":["GET"]}}],"collection":[{"href":"https:\/\/restart-ahlen.de\/index.php?rest_route=\/wp\/v2\/pages"}],"about":[{"href":"https:\/\/restart-ahlen.de\/index.php?rest_route=\/wp\/v2\/types\/page"}],"author":[{"embeddable":true,"href":"https:\/\/restart-ahlen.de\/index.php?rest_route=\/wp\/v2\/users\/1"}],"replies":[{"embeddable":true,"href":"https:\/\/restart-ahlen.de\/index.php?rest_route=%2Fwp%2Fv2%2Fcomments&post=88"}],"version-history":[{"count":7,"href":"https:\/\/restart-ahlen.de\/index.php?rest_route=\/wp\/v2\/pages\/88\/revisions"}],"predecessor-version":[{"id":198,"href":"https:\/\/restart-ahlen.de\/index.php?rest_route=\/wp\/v2\/pages\/88\/revisions\/198"}],"wp:attachment":[{"href":"https:\/\/restart-ahlen.de\/index.php?rest_route=%2Fwp%2Fv2%2Fmedia&parent=88"}],"curies":[{"name":"wp","href":"https:\/\/api.w.org\/{rel}","templated":true}]}}