{"id":80,"date":"2022-03-14T16:02:05","date_gmt":"2022-03-14T16:02:05","guid":{"rendered":"https:\/\/restart-ahlen.de\/?page_id=80"},"modified":"2025-07-01T06:48:57","modified_gmt":"2025-07-01T06:48:57","slug":"spenden","status":"publish","type":"page","link":"https:\/\/restart-ahlen.de\/?page_id=80","title":{"rendered":"Spenden"},"content":{"rendered":"<p>[et_pb_section fb_built=&#8220;1&#8243; admin_label=&#8220;Header&#8220; _builder_version=&#8220;4.16&#8243; use_background_color_gradient=&#8220;on&#8220; background_color_gradient_stops=&#8220;rgba(0,19,46,0.6) 0%|rgba(0,19,46,0.6) 100%&#8220; background_color_gradient_overlays_image=&#8220;on&#8220; background_color_gradient_start=&#8220;rgba(0,19,46,0.6)&#8220; background_color_gradient_end=&#8220;rgba(0,19,46,0.6)&#8220; background_image=&#8220;https:\/\/restart-ahlen.de\/wp-content\/uploads\/2022\/03\/financial-advisor-41.jpg&#8220; custom_padding=&#8220;||||false|false&#8220; locked=&#8220;off&#8220; global_colors_info=&#8220;{}&#8220;][et_pb_row _builder_version=&#8220;4.16&#8243; global_colors_info=&#8220;{}&#8220;][et_pb_column type=&#8220;4_4&#8243; _builder_version=&#8220;4.16&#8243; global_colors_info=&#8220;{}&#8220;][et_pb_text _builder_version=&#8220;4.16&#8243; header_font=&#8220;Georgia|900|||||||&#8220; header_font_size=&#8220;100px&#8220; background_layout=&#8220;dark&#8220; custom_margin=&#8220;||||false|false&#8220; header_font_size_tablet=&#8220;70px&#8220; header_font_size_phone=&#8220;41px&#8220; header_font_size_last_edited=&#8220;on|phone&#8220; global_colors_info=&#8220;{}&#8220;]<\/p>\n<h1>Spenden \/ Auflagenzuweisung<\/h1>\n<p>[\/et_pb_text][\/et_pb_column][\/et_pb_row][\/et_pb_section][et_pb_section fb_built=&#8220;1&#8243; admin_label=&#8220;About&#8220; _builder_version=&#8220;4.16&#8243; global_colors_info=&#8220;{}&#8220;][et_pb_row column_structure=&#8220;1_3,2_3&#8243; _builder_version=&#8220;4.16&#8243; global_colors_info=&#8220;{}&#8220;][et_pb_column type=&#8220;1_3&#8243; _builder_version=&#8220;4.16&#8243; global_colors_info=&#8220;{}&#8220;][et_pb_image src=&#8220;https:\/\/restart-ahlen.de\/wp-content\/uploads\/2022\/03\/financial-advisor-42.jpg&#8220; _builder_version=&#8220;4.16&#8243; global_colors_info=&#8220;{}&#8220;][\/et_pb_image][\/et_pb_column][et_pb_column type=&#8220;2_3&#8243; _builder_version=&#8220;4.16&#8243; global_colors_info=&#8220;{}&#8220;][et_pb_text _builder_version=&#8220;4.16&#8243; text_font=&#8220;Arial|600|||||||&#8220; text_font_size=&#8220;18px&#8220; text_line_height=&#8220;1.4em&#8220; text_orientation=&#8220;justified&#8220; global_colors_info=&#8220;{}&#8220;]<\/p>\n<p>F\u00fcr steuerbeg\u00fcnstigte Spenden und Zahlungen zur Erf\u00fcllung von Auflagen im Rahmen von Verfahrenseinstellungen oder Bew\u00e4hrungsauflagen stehen folgende Konten zur Verf\u00fcgung:<\/p>\n<p>[\/et_pb_text][\/et_pb_column][\/et_pb_row][\/et_pb_section][et_pb_section fb_built=&#8220;1&#8243; admin_label=&#8220;Features&#8220; _builder_version=&#8220;4.16&#8243; background_color=&#8220;#263142&#8243; locked=&#8220;off&#8220; global_colors_info=&#8220;{}&#8220;][et_pb_row column_structure=&#8220;1_2,1_2&#8243; _builder_version=&#8220;4.16&#8243; global_colors_info=&#8220;{}&#8220;][et_pb_column type=&#8220;1_2&#8243; _builder_version=&#8220;4.16&#8243; global_colors_info=&#8220;{}&#8220;][et_pb_text _builder_version=&#8220;4.16&#8243; header_2_font=&#8220;Darker Grotesque|900|||||||&#8220; header_2_font_size=&#8220;60px&#8220; background_layout=&#8220;dark&#8220; header_2_font_size_tablet=&#8220;42px&#8220; header_2_font_size_phone=&#8220;30px&#8220; header_2_font_size_last_edited=&#8220;on|phone&#8220; global_colors_info=&#8220;{}&#8220;]<\/p>\n<h2>Bankverbindungen<\/h2>\n<p>[\/et_pb_text][\/et_pb_column][et_pb_column type=&#8220;1_2&#8243; _builder_version=&#8220;4.16&#8243; global_colors_info=&#8220;{}&#8220;][\/et_pb_column][\/et_pb_row][et_pb_row column_structure=&#8220;1_2,1_2&#8243; _builder_version=&#8220;4.16&#8243; _module_preset=&#8220;default&#8220; global_colors_info=&#8220;{}&#8220;][et_pb_column type=&#8220;1_2&#8243; _builder_version=&#8220;4.16&#8243; _module_preset=&#8220;default&#8220; global_colors_info=&#8220;{}&#8220;][et_pb_cta title=&#8220;Volksbank im M\u00fcnsterland eG.:&#8220; _builder_version=&#8220;4.27.4&#8243; _module_preset=&#8220;default&#8220; hover_enabled=&#8220;0&#8243; global_colors_info=&#8220;{}&#8220; sticky_enabled=&#8220;0&#8243;]<\/p>\n<ul>\n<li style=\"text-align: left;\">BIC: GENODEM1IBB<\/li>\n<li style=\"text-align: left;\">IBAN DE37 4036 1906 7314 9244 00<\/li>\n<\/ul>\n<p>[\/et_pb_cta][\/et_pb_column][et_pb_column type=&#8220;1_2&#8243; _builder_version=&#8220;4.16&#8243; _module_preset=&#8220;default&#8220; global_colors_info=&#8220;{}&#8220;][et_pb_cta title=&#8220;Sparkasse M\u00fcnsterland Ost:&#8220; _builder_version=&#8220;4.27.4&#8243; _module_preset=&#8220;default&#8220; hover_enabled=&#8220;0&#8243; global_colors_info=&#8220;{}&#8220; sticky_enabled=&#8220;0&#8243;]<\/p>\n<ul>\n<li style=\"text-align: left;\">BLZ:\u00a0400 501 50<\/li>\n<li style=\"text-align: left;\">IBAN: DE17 4005 0150 0067 0233 58<\/li>\n<\/ul>\n<p>[\/et_pb_cta][\/et_pb_column][\/et_pb_row][et_pb_row admin_label=&#8220;Row&#8220; _builder_version=&#8220;4.16&#8243; custom_margin=&#8220;||||false|false&#8220; global_colors_info=&#8220;{}&#8220;][et_pb_column type=&#8220;4_4&#8243; _builder_version=&#8220;4.16&#8243; global_colors_info=&#8220;{}&#8220;][et_pb_text _builder_version=&#8220;4.16&#8243; _module_preset=&#8220;default&#8220; text_text_color=&#8220;#FFFFFF&#8220; global_colors_info=&#8220;{}&#8220;]<\/p>\n<p>Spendenquittungen werden unaufgefordert \u00fcbersandt.<\/p>\n<p>Die Erf\u00fcllung von Zahlungsauflagen wird vom Verein \u00fcberwacht; eingegangene Zahlungen werden den Dienststellen, die die Auflagenerf\u00fcllung angeordnet haben, unaufgefordert mitgeteilt.<\/p>\n<p>F\u00fcr die Erf\u00fcllung von Zahlungsauflagen k\u00f6nnen Spendenquittungen nicht erteilt werden.<\/p>\n<p>[\/et_pb_text][\/et_pb_column][\/et_pb_row][\/et_pb_section]<\/p>\n","protected":false},"excerpt":{"rendered":"<p>Spenden \/ AuflagenzuweisungF\u00fcr steuerbeg\u00fcnstigte Spenden und Zahlungen zur Erf\u00fcllung von Auflagen im Rahmen von Verfahrenseinstellungen oder Bew\u00e4hrungsauflagen stehen folgende Konten zur Verf\u00fcgung:Bankverbindungen BIC: GENODEM1IBB IBAN DE37 4036 1906 7314 9244 00 BLZ:\u00a0400 501 50 IBAN: DE17 4005 0150 0067 0233 58 Spendenquittungen werden unaufgefordert \u00fcbersandt. Die Erf\u00fcllung von Zahlungsauflagen wird vom Verein \u00fcberwacht; eingegangene Zahlungen [&hellip;]<\/p>\n","protected":false},"author":1,"featured_media":0,"parent":0,"menu_order":0,"comment_status":"closed","ping_status":"closed","template":"","meta":{"_et_pb_use_builder":"on","_et_pb_old_content":"","_et_gb_content_width":"","om_disable_all_campaigns":false,"_monsterinsights_skip_tracking":false,"_monsterinsights_sitenote_active":false,"_monsterinsights_sitenote_note":"","_monsterinsights_sitenote_category":0,"footnotes":""},"class_list":["post-80","page","type-page","status-publish","hentry"],"aioseo_notices":[],"_links":{"self":[{"href":"https:\/\/restart-ahlen.de\/index.php?rest_route=\/wp\/v2\/pages\/80","targetHints":{"allow":["GET"]}}],"collection":[{"href":"https:\/\/restart-ahlen.de\/index.php?rest_route=\/wp\/v2\/pages"}],"about":[{"href":"https:\/\/restart-ahlen.de\/index.php?rest_route=\/wp\/v2\/types\/page"}],"author":[{"embeddable":true,"href":"https:\/\/restart-ahlen.de\/index.php?rest_route=\/wp\/v2\/users\/1"}],"replies":[{"embeddable":true,"href":"https:\/\/restart-ahlen.de\/index.php?rest_route=%2Fwp%2Fv2%2Fcomments&post=80"}],"version-history":[{"count":8,"href":"https:\/\/restart-ahlen.de\/index.php?rest_route=\/wp\/v2\/pages\/80\/revisions"}],"predecessor-version":[{"id":206,"href":"https:\/\/restart-ahlen.de\/index.php?rest_route=\/wp\/v2\/pages\/80\/revisions\/206"}],"wp:attachment":[{"href":"https:\/\/restart-ahlen.de\/index.php?rest_route=%2Fwp%2Fv2%2Fmedia&parent=80"}],"curies":[{"name":"wp","href":"https:\/\/api.w.org\/{rel}","templated":true}]}}