{"id":52,"date":"2022-03-14T15:14:20","date_gmt":"2022-03-14T15:14:20","guid":{"rendered":"https:\/\/restart-ahlen.de\/?page_id=52"},"modified":"2025-07-01T06:46:38","modified_gmt":"2025-07-01T06:46:38","slug":"wer-sind-wir","status":"publish","type":"page","link":"https:\/\/restart-ahlen.de\/?page_id=52","title":{"rendered":"Wer sind wir?"},"content":{"rendered":"<p>[et_pb_section fb_built=&#8220;1&#8243; admin_label=&#8220;Header&#8220; _builder_version=&#8220;4.16&#8243; use_background_color_gradient=&#8220;on&#8220; background_color_gradient_stops=&#8220;rgba(0,19,46,0.6) 0%|rgba(0,19,46,0.6) 100%&#8220; background_color_gradient_overlays_image=&#8220;on&#8220; background_color_gradient_start=&#8220;rgba(0,19,46,0.6)&#8220; background_color_gradient_end=&#8220;rgba(0,19,46,0.6)&#8220; background_image=&#8220;https:\/\/restart-ahlen.de\/wp-content\/uploads\/2022\/03\/financial-advisor-45.jpg&#8220; custom_padding=&#8220;||||false|false&#8220; global_colors_info=&#8220;{}&#8220;][et_pb_row _builder_version=&#8220;4.16&#8243; global_colors_info=&#8220;{}&#8220;][et_pb_column type=&#8220;4_4&#8243; _builder_version=&#8220;4.16&#8243; global_colors_info=&#8220;{}&#8220;][et_pb_text _builder_version=&#8220;4.16&#8243; header_font=&#8220;Georgia|900|||||||&#8220; header_font_size=&#8220;100px&#8220; background_layout=&#8220;dark&#8220; max_width=&#8220;760px&#8220; custom_margin=&#8220;||||false|false&#8220; header_font_size_tablet=&#8220;70px&#8220; header_font_size_phone=&#8220;60px&#8220; header_font_size_last_edited=&#8220;on|phone&#8220; global_colors_info=&#8220;{}&#8220;]<\/p>\n<h1>Wer sind wir?<\/h1>\n<p>[\/et_pb_text][\/et_pb_column][\/et_pb_row][\/et_pb_section][et_pb_section fb_built=&#8220;1&#8243; admin_label=&#8220;About&#8220; _builder_version=&#8220;4.16&#8243; background_image=&#8220;https:\/\/restart-ahlen.de\/wp-content\/uploads\/2022\/03\/financial-advisor-18.png&#8220; background_size=&#8220;initial&#8220; background_position=&#8220;top_center&#8220; global_colors_info=&#8220;{}&#8220;][et_pb_row column_structure=&#8220;1_2,1_2&#8243; custom_padding_last_edited=&#8220;on|desktop&#8220; _builder_version=&#8220;4.16&#8243; custom_padding=&#8220;0px|220px|||false|false&#8220; custom_padding_tablet=&#8220;|0px|||false|false&#8220; custom_padding_phone=&#8220;&#8220; global_colors_info=&#8220;{}&#8220;][et_pb_column type=&#8220;1_2&#8243; _builder_version=&#8220;4.16&#8243; global_colors_info=&#8220;{}&#8220;][et_pb_text _builder_version=&#8220;4.16&#8243; text_font=&#8220;Arial||||||||&#8220; text_font_size=&#8220;18px&#8220; text_line_height=&#8220;1.4em&#8220; text_orientation=&#8220;justified&#8220; global_colors_info=&#8220;{}&#8220;]<\/p>\n<p>Der Verein entstand 1981 aus Mitgliedern des damaligen Ausschusses f\u00fcr Bew\u00e4hrungshilfe beim Jugendsch\u00f6ffengericht Ahlen. Er war zun\u00e4chst als \u201eF\u00f6rderkreis f\u00fcr Bew\u00e4hrungshilfe Ahlen e.V.\u201c in das Vereinsregister eingetragen, hat sich dann aber umbenannt in \u201eReStart e.V. Ahlener F\u00f6rderkreis f\u00fcr Bew\u00e4hrungshilfe, Gerichtshilfe und F\u00fchrungsaufsicht\u201c, Kurzbezeichnung: \u201eReStart eV Ahlen\u201c.<\/p>\n<p>Der Verein ist eingetragen beim Amtsgericht M\u00fcnster VR 50420.<\/p>\n<p>Er ist als Voraussetzung f\u00fcr den Empfang von Geldauflagen aus Ermittlungs-, Straf- und Gnadenverfahren mit der Kennziffer E-08182 in der Zentralstelle Gemeinn\u00fctzige Einrichtungen bei der Generalstaatsanwaltschaft in D\u00fcsseldorf erfasst.<\/p>\n<p>[\/et_pb_text][\/et_pb_column][et_pb_column type=&#8220;1_2&#8243; _builder_version=&#8220;4.16&#8243; global_colors_info=&#8220;{}&#8220;][et_pb_text _builder_version=&#8220;4.16&#8243; text_font=&#8220;Arial||||||||&#8220; text_font_size=&#8220;18px&#8220; text_line_height=&#8220;1.4em&#8220; text_orientation=&#8220;justified&#8220; locked=&#8220;off&#8220; global_colors_info=&#8220;{}&#8220;]<\/p>\n<p>Die Gemeinn\u00fctzigkeit ist anerkannt vom Finanzamt Beckum durch Freistellungsbescheid vom 23.05.2018.<\/p>\n<p>Die Vereinsaufgaben werden nicht durch Mitgliedsbeitr\u00e4ge finanziert, sondern durch Spenden und vor allem die Zuwendung von Geldauflagen insbesondere aus Ermittlungs- und Strafverfahren (Auflagen an mutma\u00dfliche oder verurteilte Straft\u00e4ter, z.B. als Bew\u00e4hrungsauflagen oder Einstellungsvoraussetzungen in F\u00e4llen geringer Schuld).<\/p>\n<p>Die F\u00f6rderung ist strikt subsidi\u00e4r; unterst\u00fctzt werden nur Projekte, f\u00fcr die staatliche Mittel nicht ausreichend zur Verf\u00fcgung stehen.<\/p>\n<p>[\/et_pb_text][\/et_pb_column][\/et_pb_row][\/et_pb_section][et_pb_section fb_built=&#8220;1&#8243; admin_label=&#8220;Our Approch&#8220; _builder_version=&#8220;4.16&#8243; custom_padding=&#8220;0px||||false|false&#8220; global_colors_info=&#8220;{}&#8220;][et_pb_row column_structure=&#8220;1_3,2_3&#8243; _builder_version=&#8220;4.16&#8243; global_colors_info=&#8220;{}&#8220;][et_pb_column type=&#8220;1_3&#8243; _builder_version=&#8220;4.16&#8243; global_colors_info=&#8220;{}&#8220;][et_pb_image src=&#8220;https:\/\/restart-ahlen.de\/wp-content\/uploads\/2022\/03\/kisspng-association-vorstand-logo-brand-wk-2018-5b48e726757102.2986951415315044224811.png&#8220; title_text=&#8220;Vorstand&#8220; _builder_version=&#8220;4.16&#8243; custom_margin=&#8220;-64px|-8vw|-64px|-10vw|true|false&#8220; custom_margin_tablet=&#8220;0px|0vw||0vw|false|false&#8220; custom_margin_phone=&#8220;&#8220; custom_margin_last_edited=&#8220;on|tablet&#8220; global_colors_info=&#8220;{}&#8220;][\/et_pb_image][\/et_pb_column][et_pb_column type=&#8220;2_3&#8243; _builder_version=&#8220;4.16&#8243; background_color=&#8220;#f8f5f1&#8243; custom_padding=&#8220;120px|60px|120px|60px|true|true&#8220; custom_padding_tablet=&#8220;30px|30px|30px|30px|true|true&#8220; custom_padding_phone=&#8220;30px|20px|30px|20px|true|true&#8220; custom_padding_last_edited=&#8220;on|phone&#8220; global_colors_info=&#8220;{}&#8220;][et_pb_text _builder_version=&#8220;4.16&#8243; text_font_size=&#8220;22px&#8220; header_font_size=&#8220;25px&#8220; header_2_font=&#8220;Georgia|900|||||||&#8220; header_2_font_size=&#8220;30px&#8220; max_width=&#8220;700px&#8220; text_font_size_tablet=&#8220;&#8220; text_font_size_phone=&#8220;18px&#8220; text_font_size_last_edited=&#8220;on|phone&#8220; header_2_font_size_tablet=&#8220;42px&#8220; header_2_font_size_phone=&#8220;30px&#8220; header_2_font_size_last_edited=&#8220;on|phone&#8220; locked=&#8220;off&#8220; global_colors_info=&#8220;{}&#8220;]<\/p>\n<h2>Vereinsvorstand (Stand 01.07.2025)<\/h2>\n<p>[\/et_pb_text][et_pb_text _builder_version=&#8220;4.16&#8243; _module_preset=&#8220;default&#8220; global_colors_info=&#8220;{}&#8220;]<\/p>\n\n<table id=\"tablepress-1\" class=\"tablepress tablepress-id-1\">\n<thead>\n<tr class=\"row-1\">\n\t<th class=\"column-1\">Position:<\/th><th class=\"column-2\">Name:<\/th>\n<\/tr>\n<\/thead>\n<tbody class=\"row-striping row-hover\">\n<tr class=\"row-2\">\n\t<td class=\"column-1\">Vorsitzender:<\/td><td class=\"column-2\">Rechtsanwalt Esref Erboga<\/td>\n<\/tr>\n<tr class=\"row-3\">\n\t<td class=\"column-1\">Stellv. Vorsitzender:<\/td><td class=\"column-2\">Rechtsanw\u00e4ltin Jutta Birkle<\/td>\n<\/tr>\n<tr class=\"row-4\">\n\t<td class=\"column-1\">Kassenwartin und<br \/>\nVereinsgesch\u00e4ftsf\u00fchrerin<\/td><td class=\"column-2\">Ina Pieper<\/td>\n<\/tr>\n<tr class=\"row-5\">\n\t<td class=\"column-1\">Schriftf\u00fchrerin<\/td><td class=\"column-2\">Jutta Felten<\/td>\n<\/tr>\n<tr class=\"row-6\">\n\t<td class=\"column-1\"><\/td><td class=\"column-2\"><\/td>\n<\/tr>\n<\/tbody>\n<\/table>\n<!-- #tablepress-1 from cache -->\n<p>[\/et_pb_text][et_pb_image src=&#8220;https:\/\/restart-ahlen.de\/wp-content\/uploads\/2022\/03\/financial-advisor-19.png&#8220; align=&#8220;right&#8220; _builder_version=&#8220;4.16&#8243; positioning=&#8220;absolute&#8220; position_origin_a=&#8220;top_right&#8220; position_origin_r=&#8220;bottom_right&#8220; vertical_offset=&#8220;-80px&#8220; horizontal_offset=&#8220;-8vw&#8220; scroll_vertical_motion_enable=&#8220;on&#8220; scroll_vertical_motion=&#8220;0|50|50|100|1|0|-1&#8243; scroll_rotating_enable=&#8220;on&#8220; scroll_rotating=&#8220;0|50|50|100|10\u00b0|0|-10\u00b0&#8220; locked=&#8220;off&#8220; global_colors_info=&#8220;{}&#8220;][\/et_pb_image][\/et_pb_column][\/et_pb_row][\/et_pb_section]<\/p>\n","protected":false},"excerpt":{"rendered":"<p>Wer sind wir?Der Verein entstand 1981 aus Mitgliedern des damaligen Ausschusses f\u00fcr Bew\u00e4hrungshilfe beim Jugendsch\u00f6ffengericht Ahlen. Er war zun\u00e4chst als \u201eF\u00f6rderkreis f\u00fcr Bew\u00e4hrungshilfe Ahlen e.V.\u201c in das Vereinsregister eingetragen, hat sich dann aber umbenannt in \u201eReStart e.V. Ahlener F\u00f6rderkreis f\u00fcr Bew\u00e4hrungshilfe, Gerichtshilfe und F\u00fchrungsaufsicht\u201c, Kurzbezeichnung: \u201eReStart eV Ahlen\u201c. Der Verein ist eingetragen beim Amtsgericht M\u00fcnster [&hellip;]<\/p>\n","protected":false},"author":1,"featured_media":0,"parent":0,"menu_order":0,"comment_status":"closed","ping_status":"closed","template":"","meta":{"_et_pb_use_builder":"on","_et_pb_old_content":"","_et_gb_content_width":"","om_disable_all_campaigns":false,"_monsterinsights_skip_tracking":false,"_monsterinsights_sitenote_active":false,"_monsterinsights_sitenote_note":"","_monsterinsights_sitenote_category":0,"footnotes":""},"class_list":["post-52","page","type-page","status-publish","hentry"],"aioseo_notices":[],"_links":{"self":[{"href":"https:\/\/restart-ahlen.de\/index.php?rest_route=\/wp\/v2\/pages\/52","targetHints":{"allow":["GET"]}}],"collection":[{"href":"https:\/\/restart-ahlen.de\/index.php?rest_route=\/wp\/v2\/pages"}],"about":[{"href":"https:\/\/restart-ahlen.de\/index.php?rest_route=\/wp\/v2\/types\/page"}],"author":[{"embeddable":true,"href":"https:\/\/restart-ahlen.de\/index.php?rest_route=\/wp\/v2\/users\/1"}],"replies":[{"embeddable":true,"href":"https:\/\/restart-ahlen.de\/index.php?rest_route=%2Fwp%2Fv2%2Fcomments&post=52"}],"version-history":[{"count":10,"href":"https:\/\/restart-ahlen.de\/index.php?rest_route=\/wp\/v2\/pages\/52\/revisions"}],"predecessor-version":[{"id":204,"href":"https:\/\/restart-ahlen.de\/index.php?rest_route=\/wp\/v2\/pages\/52\/revisions\/204"}],"wp:attachment":[{"href":"https:\/\/restart-ahlen.de\/index.php?rest_route=%2Fwp%2Fv2%2Fmedia&parent=52"}],"curies":[{"name":"wp","href":"https:\/\/api.w.org\/{rel}","templated":true}]}}