{"id":2,"date":"2022-03-14T09:53:09","date_gmt":"2022-03-14T09:53:09","guid":{"rendered":"https:\/\/restart-ahlen.de\/?page_id=2"},"modified":"2025-07-01T06:52:33","modified_gmt":"2025-07-01T06:52:33","slug":"restart-ahlen-foerderkreis-bewaehrungshilfe-in-ahlen","status":"publish","type":"page","link":"https:\/\/restart-ahlen.de\/","title":{"rendered":"Home"},"content":{"rendered":"<p>[et_pb_section fb_built=&#8220;1&#8243; fullwidth=&#8220;on&#8220; _builder_version=&#8220;4.16&#8243; use_background_color_gradient=&#8220;on&#8220; background_color_gradient_stops=&#8220;rgba(0,19,46,0.6) 0%|rgba(0,19,46,0.6) 100%&#8220; background_color_gradient_overlays_image=&#8220;on&#8220; background_color_gradient_start=&#8220;rgba(0,19,46,0.6)&#8220; background_color_gradient_end=&#8220;rgba(0,19,46,0.6)&#8220; background_image=&#8220;https:\/\/restart-ahlen.de\/wp-content\/uploads\/2022\/03\/Schnitt.jpg&#8220; global_colors_info=&#8220;{}&#8220;][et_pb_fullwidth_header title=&#8220;ReStart e.V.&#8220; text_orientation=&#8220;center&#8220; _builder_version=&#8220;4.16&#8243; title_font=&#8220;Georgia|900|||||||&#8220; title_text_align=&#8220;left&#8220; title_font_size=&#8220;180px&#8220; title_line_height=&#8220;0.75em&#8220; content_text_align=&#8220;left&#8220; background_color=&#8220;rgba(0,0,0,0)&#8220; background_image=&#8220;https:\/\/restart-ahlen.de\/wp-content\/uploads\/2022\/03\/financial-advisor-40.png&#8220; background_size=&#8220;initial&#8220; background_position=&#8220;top_center&#8220; custom_button_one=&#8220;on&#8220; button_one_text_color=&#8220;#283444&#8243; button_one_bg_color=&#8220;#ddccb8&#8243; button_one_border_color=&#8220;rgba(0,0,0,0)&#8220; button_one_border_radius=&#8220;0px&#8220; button_one_letter_spacing=&#8220;2px&#8220; button_one_font=&#8220;Darker Grotesque|900||on|||||&#8220; button_one_use_icon=&#8220;off&#8220; button_one_custom_padding=&#8220;15px|40px|15px|40px|true|true&#8220; custom_button_two=&#8220;on&#8220; button_two_text_color=&#8220;#283444&#8243; button_two_bg_color=&#8220;#ddccb8&#8243; button_two_border_color=&#8220;rgba(0,0,0,0)&#8220; button_two_border_radius=&#8220;0px&#8220; button_two_letter_spacing=&#8220;2px&#8220; button_two_font=&#8220;Darker Grotesque|900||on|||||&#8220; button_two_use_icon=&#8220;off&#8220; custom_padding=&#8220;12vw||12vw||true|false&#8220; title_font_size_tablet=&#8220;10vw&#8220; title_font_size_phone=&#8220;10vw&#8220; title_font_size_last_edited=&#8220;on|phone&#8220; title_line_height_tablet=&#8220;&#8220; title_line_height_phone=&#8220;&#8220; title_line_height_last_edited=&#8220;on|desktop&#8220; background_last_edited=&#8220;on|desktop&#8220; background_size_tablet=&#8220;cover&#8220; button_one_text_size_tablet=&#8220;20px&#8220; button_one_text_size_phone=&#8220;16px&#8220; button_one_text_size_last_edited=&#8220;on|phone&#8220; button_two_text_size_tablet=&#8220;20px&#8220; button_two_text_size_phone=&#8220;16px&#8220; button_two_text_size_last_edited=&#8220;on|phone&#8220; custom_css_header_container=&#8220;max-width: 100% !important;||width: 100% !important;&#8220; global_colors_info=&#8220;{}&#8220;][\/et_pb_fullwidth_header][\/et_pb_section][et_pb_section fb_built=&#8220;1&#8243; admin_label=&#8220;Services&#8220; _builder_version=&#8220;4.16&#8243; custom_padding=&#8220;||0px|||&#8220; global_colors_info=&#8220;{}&#8220;][et_pb_row custom_padding_last_edited=&#8220;on|phone&#8220; _builder_version=&#8220;4.16&#8243; background_color=&#8220;#ddccb8&#8243; custom_margin=&#8220;-180px||||false|false&#8220; custom_margin_tablet=&#8220;0px|auto||auto|false|false&#8220; custom_margin_phone=&#8220;&#8220; custom_margin_last_edited=&#8220;on|desktop&#8220; custom_padding=&#8220;|||40px|false|false&#8220; custom_padding_tablet=&#8220;|||30px|false|false&#8220; custom_padding_phone=&#8220;|||20px|false|false&#8220; box_shadow_style=&#8220;preset4&#8243; box_shadow_horizontal=&#8220;30vw&#8220; box_shadow_vertical=&#8220;0px&#8220; box_shadow_color=&#8220;#ddccb8&#8243; global_colors_info=&#8220;{}&#8220;][et_pb_column type=&#8220;4_4&#8243; _builder_version=&#8220;4.16&#8243; global_colors_info=&#8220;{}&#8220;][et_pb_text _builder_version=&#8220;4.16&#8243; header_2_font=&#8220;Darker Grotesque|900|||||||&#8220; header_2_font_size=&#8220;60px&#8220; header_2_font_size_tablet=&#8220;42px&#8220; header_2_font_size_phone=&#8220;30px&#8220; header_2_font_size_last_edited=&#8220;on|phone&#8220; global_colors_info=&#8220;{}&#8220;]<\/p>\n<h2>Ahlener F\u00f6rderkreis f\u00fcr Bew\u00e4hrungshilfe, Gerichtshilfe und F\u00fchrungsaufsicht<\/h2>\n<p>[\/et_pb_text][\/et_pb_column][\/et_pb_row][et_pb_row column_structure=&#8220;1_4,1_4,1_4,1_4&#8243; use_custom_gutter=&#8220;on&#8220; gutter_width=&#8220;2&#8243; custom_padding_last_edited=&#8220;on|phone&#8220; _builder_version=&#8220;4.16&#8243; background_color=&#8220;#ddccb8&#8243; custom_padding=&#8220;|||40px|false|false&#8220; custom_padding_tablet=&#8220;|||30px|false|false&#8220; custom_padding_phone=&#8220;|||20px|false|false&#8220; box_shadow_style=&#8220;preset4&#8243; box_shadow_horizontal=&#8220;30vw&#8220; box_shadow_vertical=&#8220;0px&#8220; box_shadow_color=&#8220;#ddccb8&#8243; global_colors_info=&#8220;{}&#8220;][et_pb_column type=&#8220;1_4&#8243; _builder_version=&#8220;4.16&#8243; global_colors_info=&#8220;{}&#8220;][\/et_pb_column][et_pb_column type=&#8220;1_4&#8243; _builder_version=&#8220;4.16&#8243; global_colors_info=&#8220;{}&#8220;][\/et_pb_column][et_pb_column type=&#8220;1_4&#8243; _builder_version=&#8220;4.16&#8243; global_colors_info=&#8220;{}&#8220;][\/et_pb_column][et_pb_column type=&#8220;1_4&#8243; _builder_version=&#8220;4.16&#8243; global_colors_info=&#8220;{}&#8220;][\/et_pb_column][\/et_pb_row][\/et_pb_section][et_pb_section fb_built=&#8220;1&#8243; admin_label=&#8220;Testimonial&#8220; _builder_version=&#8220;4.16&#8243; background_image=&#8220;https:\/\/restart-ahlen.de\/wp-content\/uploads\/2022\/03\/financial-advisor-background.png&#8220; background_size=&#8220;initial&#8220; background_position=&#8220;top_center&#8220; global_colors_info=&#8220;{}&#8220;][et_pb_row _builder_version=&#8220;4.16&#8243; max_width=&#8220;750px&#8220; module_alignment=&#8220;center&#8220; global_colors_info=&#8220;{}&#8220;][et_pb_column type=&#8220;4_4&#8243; _builder_version=&#8220;4.16&#8243; _module_preset=&#8220;default&#8220; global_colors_info=&#8220;{}&#8220;][et_pb_image src=&#8220;https:\/\/restart-ahlen.de\/wp-content\/uploads\/2022\/03\/financial-advisor-02.png&#8220; _builder_version=&#8220;4.16&#8243; global_colors_info=&#8220;{}&#8220;][\/et_pb_image][et_pb_text _builder_version=&#8220;4.16&#8243; text_font=&#8220;Arial|900|||||||&#8220; text_text_color=&#8220;#2a2a2a&#8220; text_line_height=&#8220;1.4em&#8220; text_orientation=&#8220;justified&#8220; text_font_size_tablet=&#8220;30px&#8220; text_font_size_phone=&#8220;24px&#8220; text_font_size_last_edited=&#8220;on|phone&#8220; global_colors_info=&#8220;{}&#8220;]<\/p>\n<p>Zweck des Vereins ist die F\u00f6rderung der Kriminalpr\u00e4vention und der F\u00fcrsorge f\u00fcr Strafgefangene und ehemalige Strafgefangene.<\/p>\n<p>Der Verein beschafft Mittel, die geeignet sind, Jugendlichen, Heranwachsenden und Erwachsenen, die von den Mitarbeiterinnen und Mitarbeitern des Ambulanten Sozialen Dienstes in Ahlen (\u201eASD Ahlen\u201c) betreut werden, die straffreie Lebensf\u00fchrung zu erleichtern und ihre Eingliederung oder Wiedereingliederung in die Gesellschaft zu f\u00f6rdern.<\/p>\n<p>Die Mittel zur Erf\u00fcllung seiner Aufgaben erh\u00e4lt der Verein durch Spenden, Bu\u00dfgelder und Zahlungsauflagen aufgrund gerichtlicher Entscheidungen. Mitgliedsbeitr\u00e4ge werden nicht erhoben.<\/p>\n<p>Mitglieder k\u00f6nnen nat\u00fcrliche und juristische Personen werden, die geeignet und willens sind, die Ziele des Vereins zu f\u00f6rdern und die einen schriftlichen Aufnahmeantrag stellen.<\/p>\n<p>Organe des Vereins sind die Mitgliederversammlung \u2013 diese muss mindestens einmal j\u00e4hrlich zusammentreten \u2013 und der Vorstand.<\/p>\n<p>&#8211; Aus der Satzung &#8211;<\/p>\n<p>&nbsp;<\/p>\n<p>[\/et_pb_text][\/et_pb_column][\/et_pb_row][\/et_pb_section][et_pb_section fb_built=&#8220;1&#8243; admin_label=&#8220;Features&#8220; _builder_version=&#8220;4.16&#8243; background_image=&#8220;https:\/\/restart-ahlen.de\/wp-content\/uploads\/2022\/03\/financial-advisor-shape-background-2.png&#8220; background_size=&#8220;initial&#8220; background_position=&#8220;bottom_center&#8220; custom_padding=&#8220;||100px|||&#8220; module_alignment_tablet=&#8220;center&#8220; module_alignment_last_edited=&#8220;off|tablet&#8220; global_colors_info=&#8220;{}&#8220;][et_pb_row column_structure=&#8220;1_3,1_3,1_3&#8243; use_custom_gutter=&#8220;on&#8220; gutter_width=&#8220;2&#8243; make_equal=&#8220;on&#8220; _builder_version=&#8220;4.16&#8243; custom_padding=&#8220;0px||0px||true|&#8220; box_shadow_style=&#8220;preset4&#8243; box_shadow_horizontal=&#8220;30vw&#8220; box_shadow_vertical=&#8220;0px&#8220; box_shadow_color=&#8220;#fafafa&#8220; global_colors_info=&#8220;{}&#8220;][et_pb_column type=&#8220;1_3&#8243; _builder_version=&#8220;4.16&#8243; background_color=&#8220;#283444&#8243; custom_padding=&#8220;30px|30px|30px|30px|true|true&#8220; custom_padding_tablet=&#8220;&#8220; custom_padding_phone=&#8220;|20px||20px|true|true&#8220; custom_padding_last_edited=&#8220;on|phone&#8220; global_colors_info=&#8220;{}&#8220;][et_pb_image src=&#8220;https:\/\/restart-ahlen.de\/wp-content\/uploads\/2022\/03\/kleines-Logo.png&#8220; title_text=&#8220;kleines Logo&#8220; _builder_version=&#8220;4.16&#8243; global_colors_info=&#8220;{}&#8220;][\/et_pb_image][et_pb_text _builder_version=&#8220;4.16&#8243; text_font=&#8220;Darker Grotesque|600|||||||&#8220; text_text_color=&#8220;#ddccb8&#8243; text_font_size=&#8220;18px&#8220; text_line_height=&#8220;1.4em&#8220; header_font=&#8220;Darker Grotesque|900|||||||&#8220; header_text_color=&#8220;#ddccb8&#8243; header_font_size=&#8220;36px&#8220; header_2_font=&#8220;Darker Grotesque|900|||||||&#8220; header_2_text_color=&#8220;#ddccb8&#8243; header_2_font_size=&#8220;36px&#8220; header_3_font=&#8220;Darker Grotesque|900|||||||&#8220; header_3_text_color=&#8220;#ddccb8&#8243; header_3_font_size=&#8220;36px&#8220; header_4_font=&#8220;Darker Grotesque|900|||||||&#8220; header_4_text_color=&#8220;#ddccb8&#8243; header_4_font_size=&#8220;36px&#8220; header_5_font=&#8220;Darker Grotesque|900|||||||&#8220; header_5_text_color=&#8220;#ddccb8&#8243; header_5_font_size=&#8220;36px&#8220; header_6_font=&#8220;Darker Grotesque|900|||||||&#8220; header_6_text_color=&#8220;#ddccb8&#8243; header_6_font_size=&#8220;36px&#8220; background_layout=&#8220;dark&#8220; header_font_size_tablet=&#8220;30px&#8220; header_font_size_phone=&#8220;24px&#8220; header_font_size_last_edited=&#8220;on|phone&#8220; header_2_font_size_tablet=&#8220;30px&#8220; header_2_font_size_phone=&#8220;24px&#8220; header_2_font_size_last_edited=&#8220;on|phone&#8220; header_3_font_size_tablet=&#8220;30px&#8220; header_3_font_size_phone=&#8220;24px&#8220; header_3_font_size_last_edited=&#8220;on|phone&#8220; header_4_font_size_tablet=&#8220;30px&#8220; header_4_font_size_phone=&#8220;24px&#8220; header_4_font_size_last_edited=&#8220;on|phone&#8220; header_5_font_size_tablet=&#8220;30px&#8220; header_5_font_size_phone=&#8220;24px&#8220; header_5_font_size_last_edited=&#8220;on|phone&#8220; header_6_font_size_tablet=&#8220;30px&#8220; header_6_font_size_phone=&#8220;24px&#8220; header_6_font_size_last_edited=&#8220;on|phone&#8220; global_colors_info=&#8220;{}&#8220;]<\/p>\n<h3>Wer sind wir?<\/h3>\n<p>[\/et_pb_text][et_pb_button button_url=&#8220;@ET-DC@eyJkeW5hbWljIjp0cnVlLCJjb250ZW50IjoicG9zdF9saW5rX3VybF9wYWdlIiwic2V0dGluZ3MiOnsicG9zdF9pZCI6IjUyIn19@&#8220; url_new_window=&#8220;on&#8220; button_text=&#8220;mehr lesen&#8230;&#8220; _builder_version=&#8220;4.16&#8243; _dynamic_attributes=&#8220;button_url&#8220; _module_preset=&#8220;default&#8220; custom_button=&#8220;on&#8220; button_text_color=&#8220;#ddccb8&#8243; background_layout=&#8220;dark&#8220; global_colors_info=&#8220;{}&#8220;][\/et_pb_button][\/et_pb_column][et_pb_column type=&#8220;1_3&#8243; _builder_version=&#8220;4.16&#8243; background_color=&#8220;#ddccb8&#8243; custom_padding=&#8220;30px|30px|30px|30px|true|true&#8220; custom_padding_tablet=&#8220;&#8220; custom_padding_phone=&#8220;|20px||20px|true|true&#8220; custom_padding_last_edited=&#8220;on|phone&#8220; global_colors_info=&#8220;{}&#8220;][et_pb_image src=&#8220;https:\/\/restart-ahlen.de\/wp-content\/uploads\/2022\/03\/financial-advisor-icon-10-2.png&#8220; _builder_version=&#8220;4.16&#8243; locked=&#8220;off&#8220; global_colors_info=&#8220;{}&#8220;][\/et_pb_image][et_pb_text _builder_version=&#8220;4.16&#8243; text_font=&#8220;Darker Grotesque|600|||||||&#8220; text_text_color=&#8220;#ddccb8&#8243; text_font_size=&#8220;18px&#8220; text_line_height=&#8220;1.4em&#8220; header_font=&#8220;Darker Grotesque|900|||||||&#8220; header_text_color=&#8220;#ddccb8&#8243; header_font_size=&#8220;36px&#8220; header_2_font=&#8220;Darker Grotesque|900|||||||&#8220; header_2_text_color=&#8220;#ddccb8&#8243; header_2_font_size=&#8220;36px&#8220; header_3_font=&#8220;Darker Grotesque|900|||||||&#8220; header_3_text_color=&#8220;#283444&#8243; header_3_font_size=&#8220;36px&#8220; header_4_font=&#8220;Darker Grotesque|900|||||||&#8220; header_4_text_color=&#8220;#ddccb8&#8243; header_4_font_size=&#8220;36px&#8220; header_5_font=&#8220;Darker Grotesque|900|||||||&#8220; header_5_text_color=&#8220;#ddccb8&#8243; header_5_font_size=&#8220;36px&#8220; header_6_font=&#8220;Darker Grotesque|900|||||||&#8220; header_6_text_color=&#8220;#ddccb8&#8243; header_6_font_size=&#8220;36px&#8220; header_font_size_tablet=&#8220;30px&#8220; header_font_size_phone=&#8220;24px&#8220; header_font_size_last_edited=&#8220;on|phone&#8220; header_2_font_size_tablet=&#8220;30px&#8220; header_2_font_size_phone=&#8220;24px&#8220; header_2_font_size_last_edited=&#8220;on|phone&#8220; header_3_font_size_tablet=&#8220;30px&#8220; header_3_font_size_phone=&#8220;24px&#8220; header_3_font_size_last_edited=&#8220;on|phone&#8220; header_4_font_size_tablet=&#8220;30px&#8220; header_4_font_size_phone=&#8220;24px&#8220; header_4_font_size_last_edited=&#8220;on|phone&#8220; header_5_font_size_tablet=&#8220;30px&#8220; header_5_font_size_phone=&#8220;24px&#8220; header_5_font_size_last_edited=&#8220;on|phone&#8220; header_6_font_size_tablet=&#8220;30px&#8220; header_6_font_size_phone=&#8220;24px&#8220; header_6_font_size_last_edited=&#8220;on|phone&#8220; locked=&#8220;off&#8220; global_colors_info=&#8220;{}&#8220;]<\/p>\n<h3>Was leisten wir?<\/h3>\n<p>[\/et_pb_text][et_pb_button button_url=&#8220;@ET-DC@eyJkeW5hbWljIjp0cnVlLCJjb250ZW50IjoicG9zdF9saW5rX3VybF9wYWdlIiwic2V0dGluZ3MiOnsicG9zdF9pZCI6Ijg4In19@&#8220; url_new_window=&#8220;on&#8220; button_text=&#8220;mehr lesen&#8230;&#8220; _builder_version=&#8220;4.16&#8243; _dynamic_attributes=&#8220;button_url&#8220; _module_preset=&#8220;default&#8220; custom_button=&#8220;on&#8220; button_text_color=&#8220;#283444&#8243; global_colors_info=&#8220;{}&#8220;][\/et_pb_button][\/et_pb_column][et_pb_column type=&#8220;1_3&#8243; _builder_version=&#8220;4.16&#8243; background_color=&#8220;#fafafa&#8220; custom_padding=&#8220;50px|30px|50px|30px|true|true&#8220; global_colors_info=&#8220;{}&#8220;][et_pb_image src=&#8220;https:\/\/restart-ahlen.de\/wp-content\/uploads\/2022\/03\/Rectangle.png&#8220; _builder_version=&#8220;4.16&#8243; positioning=&#8220;absolute&#8220; position_origin_a=&#8220;top_right&#8220; vertical_offset=&#8220;-40px&#8220; horizontal_offset=&#8220;-40px&#8220; global_colors_info=&#8220;{}&#8220;][\/et_pb_image][et_pb_text _builder_version=&#8220;4.16&#8243; header_3_font=&#8220;Darker Grotesque|900|||||||&#8220; header_3_text_color=&#8220;#283444&#8243; header_3_font_size=&#8220;36px&#8220; header_3_font_size_tablet=&#8220;30px&#8220; header_3_font_size_phone=&#8220;24px&#8220; header_3_font_size_last_edited=&#8220;on|tablet&#8220; global_colors_info=&#8220;{}&#8220;][\/et_pb_text][\/et_pb_column][\/et_pb_row][\/et_pb_section][et_pb_section fb_built=&#8220;1&#8243; admin_label=&#8220;Feature&#8220; _builder_version=&#8220;4.16&#8243; background_color=&#8220;#263142&#8243; global_colors_info=&#8220;{}&#8220;][et_pb_row column_structure=&#8220;1_2,1_2&#8243; _builder_version=&#8220;4.16&#8243; global_colors_info=&#8220;{}&#8220;][et_pb_column type=&#8220;1_2&#8243; _builder_version=&#8220;4.16&#8243; global_colors_info=&#8220;{}&#8220;][et_pb_text _builder_version=&#8220;4.16&#8243; header_2_font=&#8220;Georgia|900|||||||&#8220; header_2_font_size=&#8220;29px&#8220; background_layout=&#8220;dark&#8220; header_2_font_size_tablet=&#8220;42px&#8220; header_2_font_size_phone=&#8220;30px&#8220; header_2_font_size_last_edited=&#8220;on|phone&#8220; global_colors_info=&#8220;{}&#8220;]<\/p>\n<h2>Die Gr\u00fcndung des F\u00f6rderkreises 1981, Vereinsentwicklung bis in die Gegenwart<\/h2>\n<p>[\/et_pb_text][\/et_pb_column][et_pb_column type=&#8220;1_2&#8243; _builder_version=&#8220;4.16&#8243; global_colors_info=&#8220;{}&#8220;][et_pb_image src=&#8220;https:\/\/restart-ahlen.de\/wp-content\/uploads\/2022\/03\/Flur.jpg&#8220; title_text=&#8220;Flur&#8220; align=&#8220;center&#8220; _builder_version=&#8220;4.16&#8243; custom_margin=&#8220;-110px||||false|false&#8220; custom_margin_tablet=&#8220;0px||||false|false&#8220; custom_margin_phone=&#8220;&#8220; custom_margin_last_edited=&#8220;on|phone&#8220; border_radii=&#8220;on|20px|20px|20px|20px&#8220; box_shadow_style=&#8220;preset2&#8243; box_shadow_color=&#8220;#FFFFFF&#8220; global_colors_info=&#8220;{}&#8220;][\/et_pb_image][\/et_pb_column][\/et_pb_row][et_pb_row admin_label=&#8220;Row&#8220; _builder_version=&#8220;4.16&#8243; custom_margin=&#8220;||||false|false&#8220; global_colors_info=&#8220;{}&#8220;][et_pb_column type=&#8220;4_4&#8243; _builder_version=&#8220;4.16&#8243; global_colors_info=&#8220;{}&#8220;][et_pb_text _builder_version=&#8220;4.16&#8243; text_font=&#8220;Arial|600|||||||&#8220; text_text_color=&#8220;#ddccb8&#8243; text_font_size=&#8220;16px&#8220; text_line_height=&#8220;1.4em&#8220; text_orientation=&#8220;justified&#8220; background_layout=&#8220;dark&#8220; global_colors_info=&#8220;{}&#8220;]<\/p>\n<p>Die seit 1961 in Ahlen bestehende Bew\u00e4hrungshilfe war betroffen von einschneidenden haushaltsrechtlichen Engp\u00e4ssen in der Justiz- und Kommunalverwaltung, so dass neue Wege gesucht werden mussten, um die Arbeit der Bew\u00e4hrungshilfe erfolgreich zu unterst\u00fctzen.<\/p>\n<p>Hierzu bildete sich um den Rechtsanwalt S. Stroick und den Jugendrichter H. Wels eine Gruppe von sozial engagierten Personen, um gemeinsam mit den Bew\u00e4hrungshelferinnen und Bew\u00e4hrungshelfern am 10.03.1981 den F\u00f6rderkreis f\u00fcr Bew\u00e4hrungshilfe Ahlen e.V. ins Leben zu rufen. Die gesetzten Ziele waren und sind unter anderem die F\u00f6rderung der \u00d6ffentlichkeitsarbeit, die F\u00f6rderung der fachlichen Weiterbildung der Bew\u00e4hrungshelferinnen und Bew\u00e4hrungshelfer sowie die Unterst\u00fctzung deren Klienten und Klientinnen mit finanziellen Mitteln.<\/p>\n<p>Der F\u00f6rderkreis, der sich zwischenzeitlich umbenannt hat in \u201eReStart e.V. Ahlener F\u00f6rderkreis f\u00fcr Bew\u00e4hrungshilfe, Gerichtshilfe und F\u00fchrungsaufsicht\u201c,\u00a0 verfolgt ausschlie\u00dflich gemeinn\u00fctzige Zwecke und erh\u00e4lt die Mittel zur Erf\u00fcllung seiner Aufgaben prim\u00e4r durch die Zuweisung von Geldauflagen, welche in Ermittlungs- und Strafverfahren verh\u00e4ngt werden.<\/p>\n<p>Es sind dies Auflagen, deren Erf\u00fcllung mutma\u00dflichen oder verurteilten Straft\u00e4tern aufgegeben ist, etwa als Voraussetzung f\u00fcr das Fortbestehen der Bew\u00e4hrungsaussetzung oder f\u00fcr die Einstellung von Ermittlungsverfahren.<\/p>\n<p>Seit 2025 steht der Rechtsanwalt und Esref Erboga dem ReStart e.V. Ahlen als Vorsitzender vor. Weitere Vorstandsmitglieder sind die Rechtsanw\u00e4ltin Jutta Birkle (stellvertretende Vorsitzende), Frau Ina Pieper (Kassiererin und Vereinsgesch\u00e4ftsf\u00fchrerin) und Frau Jutta Felten (Schriftf\u00fchrerin).<\/p>\n<p>Die Postanschrift des Vereins lautet seit dem 21.03.2019: ReStart e.V. Ahlen c\/o Ina Pieper, Neubeckumer Stra\u00dfe 16, 59320 Ennigerloh<\/p>\n<p>[\/et_pb_text][\/et_pb_column][\/et_pb_row][et_pb_row admin_label=&#8220;Row&#8220; _builder_version=&#8220;4.16&#8243; positioning=&#8220;absolute&#8220; position_origin_a=&#8220;center_center&#8220; position_origin_a_tablet=&#8220;&#8220; position_origin_a_phone=&#8220;&#8220; position_origin_a_last_edited=&#8220;on|phone&#8220; position_origin_f_tablet=&#8220;&#8220; position_origin_f_phone=&#8220;&#8220; position_origin_f_last_edited=&#8220;on|phone&#8220; position_origin_r_tablet=&#8220;&#8220; position_origin_r_phone=&#8220;&#8220; position_origin_r_last_edited=&#8220;on|phone&#8220; max_width=&#8220;none&#8220; positioning_tablet=&#8220;relative&#8220; positioning_phone=&#8220;&#8220; positioning_last_edited=&#8220;on|tablet&#8220; global_colors_info=&#8220;{}&#8220;][et_pb_column type=&#8220;4_4&#8243; _builder_version=&#8220;4.16&#8243; global_colors_info=&#8220;{}&#8220;][et_pb_text _builder_version=&#8220;4.16&#8243; text_font=&#8220;Darker Grotesque|900|||||||&#8220; text_text_color=&#8220;rgba(221,204,184,0.08)&#8220; text_font_size=&#8220;20vw&#8220; text_line_height=&#8220;0.8em&#8220; scroll_vertical_motion_enable=&#8220;on&#8220; scroll_vertical_motion=&#8220;0|50|50|100|2|0|-2&#8243; scroll_vertical_motion_tablet=&#8220;&#8220; scroll_vertical_motion_phone=&#8220;0|50|50|100|0|0|0&#8243; scroll_vertical_motion_last_edited=&#8220;on|phone&#8220; global_colors_info=&#8220;{}&#8220;]<\/p>\n<p>Gr\u00fcndung<\/p>\n<p>[\/et_pb_text][\/et_pb_column][\/et_pb_row][\/et_pb_section]<\/p>\n","protected":false},"excerpt":{"rendered":"<p>Ahlener F\u00f6rderkreis f\u00fcr Bew\u00e4hrungshilfe, Gerichtshilfe und F\u00fchrungsaufsichtZweck des Vereins ist die F\u00f6rderung der Kriminalpr\u00e4vention und der F\u00fcrsorge f\u00fcr Strafgefangene und ehemalige Strafgefangene. Der Verein beschafft Mittel, die geeignet sind, Jugendlichen, Heranwachsenden und Erwachsenen, die von den Mitarbeiterinnen und Mitarbeitern des Ambulanten Sozialen Dienstes in Ahlen (\u201eASD Ahlen\u201c) betreut werden, die straffreie Lebensf\u00fchrung zu erleichtern und [&hellip;]<\/p>\n","protected":false},"author":1,"featured_media":0,"parent":0,"menu_order":0,"comment_status":"closed","ping_status":"open","template":"","meta":{"_et_pb_use_builder":"on","_et_pb_old_content":"<!-- wp:paragraph -->\r\n<p>This is an example page. It's different from a blog post because it will stay in one place and will show up in your site navigation (in most themes). Most people start with an About page that introduces them to potential site visitors. It might say something like this:<\/p>\r\n<!-- \/wp:paragraph --><!-- wp:quote -->\r\n<blockquote class=\"wp-block-quote\">\r\n<p>Hi there! I'm a bike messenger by day, aspiring actor by night, and this is my website. I live in Los Angeles, have a great dog named Jack, and I like pi\u00f1a coladas. (And gettin' caught in the rain.)<\/p>\r\n<\/blockquote>\r\n<!-- \/wp:quote --><!-- wp:paragraph -->\r\n<p>...or something like this:<\/p>\r\n<!-- \/wp:paragraph --><!-- wp:quote -->\r\n<blockquote class=\"wp-block-quote\">\r\n<p>The XYZ Doohickey Company was founded in 1971, and has been providing quality doohickeys to the public ever since. Located in Gotham City, XYZ employs over 2,000 people and does all kinds of awesome things for the Gotham community.<\/p>\r\n<\/blockquote>\r\n<!-- \/wp:quote --><!-- wp:paragraph -->\r\n<p>As a new WordPress user, you should go to <a href=\"https:\/\/restart-ahlen.de\/wp-admin\/\">your dashboard<\/a> to delete this page and create new pages for your content. Have fun!<\/p>\r\n<!-- \/wp:paragraph -->","_et_gb_content_width":"","om_disable_all_campaigns":false,"_monsterinsights_skip_tracking":false,"_monsterinsights_sitenote_active":false,"_monsterinsights_sitenote_note":"","_monsterinsights_sitenote_category":0,"footnotes":""},"class_list":["post-2","page","type-page","status-publish","hentry"],"aioseo_notices":[],"_links":{"self":[{"href":"https:\/\/restart-ahlen.de\/index.php?rest_route=\/wp\/v2\/pages\/2","targetHints":{"allow":["GET"]}}],"collection":[{"href":"https:\/\/restart-ahlen.de\/index.php?rest_route=\/wp\/v2\/pages"}],"about":[{"href":"https:\/\/restart-ahlen.de\/index.php?rest_route=\/wp\/v2\/types\/page"}],"author":[{"embeddable":true,"href":"https:\/\/restart-ahlen.de\/index.php?rest_route=\/wp\/v2\/users\/1"}],"replies":[{"embeddable":true,"href":"https:\/\/restart-ahlen.de\/index.php?rest_route=%2Fwp%2Fv2%2Fcomments&post=2"}],"version-history":[{"count":17,"href":"https:\/\/restart-ahlen.de\/index.php?rest_route=\/wp\/v2\/pages\/2\/revisions"}],"predecessor-version":[{"id":208,"href":"https:\/\/restart-ahlen.de\/index.php?rest_route=\/wp\/v2\/pages\/2\/revisions\/208"}],"wp:attachment":[{"href":"https:\/\/restart-ahlen.de\/index.php?rest_route=%2Fwp%2Fv2%2Fmedia&parent=2"}],"curies":[{"name":"wp","href":"https:\/\/api.w.org\/{rel}","templated":true}]}}