{"id":123,"date":"2022-03-14T16:31:56","date_gmt":"2022-03-14T16:31:56","guid":{"rendered":"https:\/\/restart-ahlen.de\/?page_id=123"},"modified":"2022-06-09T13:56:28","modified_gmt":"2022-06-09T13:56:28","slug":"impressum","status":"publish","type":"page","link":"https:\/\/restart-ahlen.de\/?page_id=123","title":{"rendered":"Impressum"},"content":{"rendered":"<p>[et_pb_section fb_built=&#8220;1&#8243; admin_label=&#8220;Header&#8220; _builder_version=&#8220;4.4.3&#8243; use_background_color_gradient=&#8220;on&#8220; background_color_gradient_start=&#8220;rgba(0,19,46,0.6)&#8220; background_color_gradient_end=&#8220;rgba(0,19,46,0.6)&#8220; background_color_gradient_overlays_image=&#8220;on&#8220; background_image=&#8220;https:\/\/restart-ahlen.de\/wp-content\/uploads\/2022\/03\/financial-advisor-46.jpg&#8220; custom_padding=&#8220;||||false|false&#8220; locked=&#8220;off&#8220; global_colors_info=&#8220;{}&#8220;][et_pb_row _builder_version=&#8220;4.4.3&#8243; global_colors_info=&#8220;{}&#8220;][et_pb_column type=&#8220;4_4&#8243; _builder_version=&#8220;4.4.3&#8243; global_colors_info=&#8220;{}&#8220;][et_pb_text _builder_version=&#8220;4.14.9&#8243; header_font=&#8220;Georgia|900|||||||&#8220; header_font_size=&#8220;100px&#8220; background_layout=&#8220;dark&#8220; max_width=&#8220;760px&#8220; custom_margin=&#8220;||||false|false&#8220; header_font_size_tablet=&#8220;70px&#8220; header_font_size_phone=&#8220;60px&#8220; header_font_size_last_edited=&#8220;on|phone&#8220; global_colors_info=&#8220;{}&#8220;]<\/p>\n<h1>Impressum<\/h1>\n<p>[\/et_pb_text][\/et_pb_column][\/et_pb_row][\/et_pb_section][et_pb_section fb_built=&#8220;1&#8243; admin_label=&#8220;CTA&#8220; _builder_version=&#8220;4.4.3&#8243; background_color=&#8220;#263142&#8243; background_image=&#8220;https:\/\/restart-ahlen.de\/wp-content\/uploads\/2022\/03\/financial-advisor-background-2.png&#8220; background_size=&#8220;initial&#8220; global_colors_info=&#8220;{}&#8220;][et_pb_row _builder_version=&#8220;4.4.3&#8243; global_colors_info=&#8220;{}&#8220;][et_pb_column type=&#8220;4_4&#8243; _builder_version=&#8220;4.4.3&#8243; global_colors_info=&#8220;{}&#8220;][et_pb_text _builder_version=&#8220;4.14.9&#8243; text_font=&#8220;Arial|600|||||||&#8220; text_font_size=&#8220;24px&#8220; text_line_height=&#8220;1.4em&#8220; header_font=&#8220;Georgia||||||||&#8220; header_2_font=&#8220;Georgia|900|||||||&#8220; header_2_font_size=&#8220;60px&#8220; text_orientation=&#8220;center&#8220; background_layout=&#8220;dark&#8220; header_2_font_size_tablet=&#8220;42px&#8220; header_2_font_size_phone=&#8220;30px&#8220; header_2_font_size_last_edited=&#8220;on|phone&#8220; locked=&#8220;off&#8220; global_colors_info=&#8220;{}&#8220;]<\/p>\n<p>Auftraggeber der Homepage ist:<\/p>\n<p>Restart e.V.<\/p>\n<p>Ahlener F\u00f6rderkreis f\u00fcr Bew\u00e4hrungshilfe, Gerichtshilfe und F\u00fchrungsaufsicht<\/p>\n<p>Anschrift:<br \/>ReStart e.V. Ahlen c\/o Ina Pieper<br \/>Neubeckumer Stra\u00dfe 16, 59320 Ennigerloh<br \/>Tel.: 02524 928331<\/p>\n<p>Amtsgericht M\u00fcnster VR 50420<\/p>\n<p>[\/et_pb_text][\/et_pb_column][\/et_pb_row][\/et_pb_section]<\/p>\n","protected":false},"excerpt":{"rendered":"<p>ImpressumAuftraggeber der Homepage ist: Restart e.V. Ahlener F\u00f6rderkreis f\u00fcr Bew\u00e4hrungshilfe, Gerichtshilfe und F\u00fchrungsaufsicht Anschrift:ReStart e.V. Ahlen c\/o Ina PieperNeubeckumer Stra\u00dfe 16, 59320 EnnigerlohTel.: 02524 928331 Amtsgericht M\u00fcnster VR 50420<\/p>\n","protected":false},"author":1,"featured_media":0,"parent":0,"menu_order":0,"comment_status":"closed","ping_status":"closed","template":"","meta":{"_et_pb_use_builder":"on","_et_pb_old_content":"","_et_gb_content_width":"","om_disable_all_campaigns":false,"_monsterinsights_skip_tracking":false,"_monsterinsights_sitenote_active":false,"_monsterinsights_sitenote_note":"","_monsterinsights_sitenote_category":0,"footnotes":""},"class_list":["post-123","page","type-page","status-publish","hentry"],"aioseo_notices":[],"_links":{"self":[{"href":"https:\/\/restart-ahlen.de\/index.php?rest_route=\/wp\/v2\/pages\/123","targetHints":{"allow":["GET"]}}],"collection":[{"href":"https:\/\/restart-ahlen.de\/index.php?rest_route=\/wp\/v2\/pages"}],"about":[{"href":"https:\/\/restart-ahlen.de\/index.php?rest_route=\/wp\/v2\/types\/page"}],"author":[{"embeddable":true,"href":"https:\/\/restart-ahlen.de\/index.php?rest_route=\/wp\/v2\/users\/1"}],"replies":[{"embeddable":true,"href":"https:\/\/restart-ahlen.de\/index.php?rest_route=%2Fwp%2Fv2%2Fcomments&post=123"}],"version-history":[{"count":5,"href":"https:\/\/restart-ahlen.de\/index.php?rest_route=\/wp\/v2\/pages\/123\/revisions"}],"predecessor-version":[{"id":189,"href":"https:\/\/restart-ahlen.de\/index.php?rest_route=\/wp\/v2\/pages\/123\/revisions\/189"}],"wp:attachment":[{"href":"https:\/\/restart-ahlen.de\/index.php?rest_route=%2Fwp%2Fv2%2Fmedia&parent=123"}],"curies":[{"name":"wp","href":"https:\/\/api.w.org\/{rel}","templated":true}]}}