{"id":110,"date":"2022-03-14T16:26:20","date_gmt":"2022-03-14T16:26:20","guid":{"rendered":"https:\/\/restart-ahlen.de\/?page_id=110"},"modified":"2022-06-09T13:52:49","modified_gmt":"2022-06-09T13:52:49","slug":"opfer-entschaedigungs-fonds","status":"publish","type":"page","link":"https:\/\/restart-ahlen.de\/?page_id=110","title":{"rendered":"Opfer-Entsch\u00e4digungs-Fonds"},"content":{"rendered":"<p>[et_pb_section fb_built=&#8220;1&#8243; admin_label=&#8220;Header&#8220; _builder_version=&#8220;4.14.9&#8243; use_background_color_gradient=&#8220;on&#8220; background_color_gradient_start=&#8220;rgba(0,19,46,0.6)&#8220; background_color_gradient_end=&#8220;rgba(0,19,46,0.6)&#8220; background_color_gradient_overlays_image=&#8220;on&#8220; background_image=&#8220;https:\/\/restart-ahlen.de\/wp-content\/uploads\/2022\/03\/Schnitt.jpg&#8220; custom_padding=&#8220;||||false|false&#8220; locked=&#8220;off&#8220; global_colors_info=&#8220;{}&#8220;][et_pb_row _builder_version=&#8220;4.4.3&#8243; global_colors_info=&#8220;{}&#8220;][et_pb_column type=&#8220;4_4&#8243; _builder_version=&#8220;4.4.3&#8243; global_colors_info=&#8220;{}&#8220;][et_pb_text _builder_version=&#8220;4.14.9&#8243; header_font=&#8220;Georgia|900|||||||&#8220; header_font_size=&#8220;100px&#8220; background_layout=&#8220;dark&#8220; custom_margin=&#8220;||||false|false&#8220; header_font_size_tablet=&#8220;70px&#8220; header_font_size_phone=&#8220;60px&#8220; header_font_size_last_edited=&#8220;on|phone&#8220; global_colors_info=&#8220;{}&#8220;]<\/p>\n<h1>Opfer-Entsch\u00e4digungs-Fonds<\/h1>\n<p>[\/et_pb_text][\/et_pb_column][\/et_pb_row][\/et_pb_section][et_pb_section fb_built=&#8220;1&#8243; admin_label=&#8220;FAQ&#8220; _builder_version=&#8220;4.4.3&#8243; global_colors_info=&#8220;{}&#8220;][et_pb_row _builder_version=&#8220;4.4.3&#8243; global_colors_info=&#8220;{}&#8220;][et_pb_column type=&#8220;4_4&#8243; _builder_version=&#8220;4.4.3&#8243; global_colors_info=&#8220;{}&#8220;][et_pb_text _builder_version=&#8220;4.14.9&#8243; _module_preset=&#8220;default&#8220; text_font=&#8220;Arial||||||||&#8220; text_orientation=&#8220;justified&#8220; hover_enabled=&#8220;0&#8243; global_colors_info=&#8220;{}&#8220; sticky_enabled=&#8220;0&#8243;]<\/p>\n<p style=\"margin-bottom: 0cm; vertical-align: baseline;\"><span style=\"font-family: 'Arial',sans-serif;\">Opfer von Straftaten m\u00fcssen oftmals erleben, dass der ihnen zugef\u00fcgte Schaden nicht wieder gut gemacht wird, weil die T\u00e4ter mittellos sind. Durch die Einrichtung des Opfer-Entsch\u00e4digungs-Fonds (OEF), der aus Vereinsmitteln gespeist wird, besteht nun die M\u00f6glichkeit, dem Opfer schnell und vergleichsweise unb\u00fcrokratisch einen Schadensausgleich, z.B. ein Schmerzensgeld, zukommen zu lassen.<\/span><\/p>\n<p style=\"margin-bottom: 0cm; vertical-align: baseline;\"><span style=\"font-family: 'Arial',sans-serif;\">Daf\u00fcr muss der T\u00e4ter unentgeltliche gemeinn\u00fctzige Arbeit leisten, die die Bew\u00e4hrungshilfe vermittelt. F\u00fcr jede nachgewiesene Arbeitsstunde wird ein durch die Mitgliederversammlung festgelegter Geldbetrag gutgeschrieben . Der ReStart e.V. Ahlen \u00fcbermittelt dem Opfer den Geldbetrag aus Mitteln des OEF, sobald der T\u00e4ter die Ableistung gemeinn\u00fctziger Arbeit nachgewiesen hat.<\/span><\/p>\n<p style=\"margin-bottom: 0cm; vertical-align: baseline;\"><span style=\"font-family: 'Arial',sans-serif;\">Voraussetzung f\u00fcr dieses Verfahren ist, dass die Schadenswiedergutmachung durch eine gerichtliche Bew\u00e4hrungsauflage angeordnet ist..<\/span><\/p>\n<p style=\"margin-bottom: 0cm; line-height: 16.8pt; vertical-align: baseline;\">[\/et_pb_text][\/et_pb_column][\/et_pb_row][et_pb_row column_structure=&#8220;2_5,3_5&#8243; _builder_version=&#8220;4.4.3&#8243; border_width_bottom=&#8220;1px&#8220; border_color_bottom=&#8220;#e6e6e6&#8243; global_colors_info=&#8220;{}&#8220;][et_pb_column type=&#8220;2_5&#8243; _builder_version=&#8220;4.4.3&#8243; global_colors_info=&#8220;{}&#8220;][et_pb_text _builder_version=&#8220;4.14.9&#8243; header_font=&#8220;Arial||||||||&#8220; header_4_font=&#8220;Darker Grotesque|900|||||||&#8220; header_4_font_size=&#8220;22px&#8220; header_4_line_height=&#8220;1.4em&#8220; header_4_font_size_tablet=&#8220;20px&#8220; header_4_font_size_phone=&#8220;18px&#8220; header_4_font_size_last_edited=&#8220;on|tablet&#8220; global_colors_info=&#8220;{}&#8220;]<\/p>\n<h4>Das Opfer<\/h4>\n<p>[\/et_pb_text][\/et_pb_column][et_pb_column type=&#8220;3_5&#8243; _builder_version=&#8220;4.4.3&#8243; global_colors_info=&#8220;{}&#8220;][et_pb_text _builder_version=&#8220;4.14.9&#8243; text_font=&#8220;Arial||||||||&#8220; text_line_height=&#8220;1.4em&#8220; text_orientation=&#8220;justified&#8220; hover_enabled=&#8220;0&#8243; global_colors_info=&#8220;{}&#8220; sticky_enabled=&#8220;0&#8243;]<\/p>\n<p style=\"margin-bottom: 0cm; line-height: 16.8pt; vertical-align: baseline;\"><span style=\"font-family: 'Arial',sans-serif;\">erh\u00e4lt nach Abschluss des Strafverfahrens in einem zeitlich engen Rahmen eine finanzielle Entsch\u00e4digung. Indem das Opfer dieses als Akt ausgleichender Gerechtigkeit erlebt, wird sein Rechtsempfinden gest\u00e4rkt.<\/span><\/p>\n<p>[\/et_pb_text][\/et_pb_column][\/et_pb_row][et_pb_row column_structure=&#8220;2_5,3_5&#8243; _builder_version=&#8220;4.4.3&#8243; border_width_bottom=&#8220;1px&#8220; border_color_bottom=&#8220;#e6e6e6&#8243; global_colors_info=&#8220;{}&#8220;][et_pb_column type=&#8220;2_5&#8243; _builder_version=&#8220;4.4.3&#8243; global_colors_info=&#8220;{}&#8220;][et_pb_text _builder_version=&#8220;4.14.9&#8243; header_font=&#8220;Arial||||||||&#8220; header_4_font=&#8220;Darker Grotesque|900|||||||&#8220; header_4_font_size=&#8220;22px&#8220; header_4_line_height=&#8220;1.4em&#8220; header_4_font_size_tablet=&#8220;20px&#8220; header_4_font_size_phone=&#8220;18px&#8220; header_4_font_size_last_edited=&#8220;on|tablet&#8220; global_colors_info=&#8220;{}&#8220;]<\/p>\n<h4>Der T\u00e4ter<\/h4>\n<p>[\/et_pb_text][\/et_pb_column][et_pb_column type=&#8220;3_5&#8243; _builder_version=&#8220;4.4.3&#8243; global_colors_info=&#8220;{}&#8220;][et_pb_text _builder_version=&#8220;4.14.9&#8243; text_font=&#8220;Arial||||||||&#8220; text_line_height=&#8220;1.4em&#8220; text_orientation=&#8220;justified&#8220; hover_enabled=&#8220;0&#8243; global_colors_info=&#8220;{}&#8220; sticky_enabled=&#8220;0&#8243;]<\/p>\n<p style=\"margin-bottom: 0cm; line-height: 16.8pt; vertical-align: baseline;\"><span style=\"font-family: 'Arial',sans-serif;\">erlebt eine nochmalige und ganz praktische Konfrontation mit der Tat und deren Folgen mit erzieherischer Wirkung: Er erkennt, dass er Verantwortung f\u00fcr sein Handeln \u00fcbernehmen und zum Zwecke der Wiedergutmachung ein Opfer bringen muss, n\u00e4mlich die Ableistung gemeinn\u00fctziger Arbeit, deren Lohn nicht ihm, sondern allein dem Tatopfer zugutekommt.<\/span><\/p>\n<p>[\/et_pb_text][\/et_pb_column][\/et_pb_row][\/et_pb_section]<\/p>\n","protected":false},"excerpt":{"rendered":"<p>Opfer-Entsch\u00e4digungs-FondsOpfer von Straftaten m\u00fcssen oftmals erleben, dass der ihnen zugef\u00fcgte Schaden nicht wieder gut gemacht wird, weil die T\u00e4ter mittellos sind. Durch die Einrichtung des Opfer-Entsch\u00e4digungs-Fonds (OEF), der aus Vereinsmitteln gespeist wird, besteht nun die M\u00f6glichkeit, dem Opfer schnell und vergleichsweise unb\u00fcrokratisch einen Schadensausgleich, z.B. ein Schmerzensgeld, zukommen zu lassen. Daf\u00fcr muss der T\u00e4ter unentgeltliche [&hellip;]<\/p>\n","protected":false},"author":1,"featured_media":0,"parent":0,"menu_order":0,"comment_status":"closed","ping_status":"closed","template":"","meta":{"_et_pb_use_builder":"on","_et_pb_old_content":"","_et_gb_content_width":"","om_disable_all_campaigns":false,"_monsterinsights_skip_tracking":false,"_monsterinsights_sitenote_active":false,"_monsterinsights_sitenote_note":"","_monsterinsights_sitenote_category":0,"footnotes":""},"class_list":["post-110","page","type-page","status-publish","hentry"],"aioseo_notices":[],"_links":{"self":[{"href":"https:\/\/restart-ahlen.de\/index.php?rest_route=\/wp\/v2\/pages\/110","targetHints":{"allow":["GET"]}}],"collection":[{"href":"https:\/\/restart-ahlen.de\/index.php?rest_route=\/wp\/v2\/pages"}],"about":[{"href":"https:\/\/restart-ahlen.de\/index.php?rest_route=\/wp\/v2\/types\/page"}],"author":[{"embeddable":true,"href":"https:\/\/restart-ahlen.de\/index.php?rest_route=\/wp\/v2\/users\/1"}],"replies":[{"embeddable":true,"href":"https:\/\/restart-ahlen.de\/index.php?rest_route=%2Fwp%2Fv2%2Fcomments&post=110"}],"version-history":[{"count":6,"href":"https:\/\/restart-ahlen.de\/index.php?rest_route=\/wp\/v2\/pages\/110\/revisions"}],"predecessor-version":[{"id":185,"href":"https:\/\/restart-ahlen.de\/index.php?rest_route=\/wp\/v2\/pages\/110\/revisions\/185"}],"wp:attachment":[{"href":"https:\/\/restart-ahlen.de\/index.php?rest_route=%2Fwp%2Fv2%2Fmedia&parent=110"}],"curies":[{"name":"wp","href":"https:\/\/api.w.org\/{rel}","templated":true}]}}