{"id":103,"date":"2022-03-14T16:19:14","date_gmt":"2022-03-14T16:19:14","guid":{"rendered":"https:\/\/restart-ahlen.de\/?page_id=103"},"modified":"2023-06-13T19:00:16","modified_gmt":"2023-06-13T19:00:16","slug":"hilfe-zum-helfen","status":"publish","type":"page","link":"https:\/\/restart-ahlen.de\/?page_id=103","title":{"rendered":"Hilfe zum Helfen"},"content":{"rendered":"<p>[et_pb_section fb_built=&#8220;1&#8243; admin_label=&#8220;Header&#8220; _builder_version=&#8220;4.16&#8243; use_background_color_gradient=&#8220;on&#8220; background_color_gradient_stops=&#8220;rgba(0,19,46,0.6) 0%|rgba(0,19,46,0.6) 100%&#8220; background_color_gradient_overlays_image=&#8220;on&#8220; background_color_gradient_start=&#8220;rgba(0,19,46,0.6)&#8220; background_color_gradient_end=&#8220;rgba(0,19,46,0.6)&#8220; background_image=&#8220;https:\/\/restart-ahlen.de\/wp-content\/uploads\/2022\/03\/financial-advisor-44.jpg&#8220; custom_padding=&#8220;||8vw||false|false&#8220; locked=&#8220;off&#8220; global_colors_info=&#8220;{}&#8220;][et_pb_row _builder_version=&#8220;4.16&#8243; global_colors_info=&#8220;{}&#8220;][et_pb_column type=&#8220;4_4&#8243; _builder_version=&#8220;4.16&#8243; global_colors_info=&#8220;{}&#8220;][et_pb_text _builder_version=&#8220;4.16&#8243; header_font=&#8220;Georgia|900|||||||&#8220; header_font_size=&#8220;100px&#8220; background_layout=&#8220;dark&#8220; custom_margin=&#8220;||||false|false&#8220; header_font_size_tablet=&#8220;70px&#8220; header_font_size_phone=&#8220;48px&#8220; header_font_size_last_edited=&#8220;on|phone&#8220; global_colors_info=&#8220;{}&#8220;]<\/p>\n<h1>Hilfe zum Helfen<\/h1>\n<p>[\/et_pb_text][\/et_pb_column][\/et_pb_row][\/et_pb_section][et_pb_section fb_built=&#8220;1&#8243; admin_label=&#8220;Blog&#8220; _builder_version=&#8220;4.16&#8243; background_image=&#8220;https:\/\/restart-ahlen.de\/wp-content\/uploads\/2022\/03\/financial-advisor-background.png&#8220; background_size=&#8220;initial&#8220; global_colors_info=&#8220;{}&#8220;][et_pb_row _builder_version=&#8220;4.16&#8243; background_color=&#8220;#ddccb8&#8243; custom_margin=&#8220;-8vw||||false|false&#8220; custom_margin_tablet=&#8220;0vw|auto||auto|false|false&#8220; custom_margin_phone=&#8220;&#8220; custom_margin_last_edited=&#8220;on|desktop&#8220; custom_padding=&#8220;0px||0px||true|&#8220; global_colors_info=&#8220;{}&#8220;][et_pb_column type=&#8220;4_4&#8243; _builder_version=&#8220;4.16&#8243; global_colors_info=&#8220;{}&#8220;][et_pb_text _builder_version=&#8220;4.16&#8243; _module_preset=&#8220;default&#8220; text_font=&#8220;Arial|700|||||||&#8220; text_font_size=&#8220;16px&#8220; text_orientation=&#8220;justified&#8220; custom_margin=&#8220;10px|10px|10px|10px|false|false&#8220; global_colors_info=&#8220;{}&#8220;]<\/p>\n<p>\u2026ist nicht paradox. Sie ist notwendig, wenn Bew\u00e4hrungshilfe mehr sein will als blo\u00dfe Verwaltung des Resozialisierungsgedankens.<\/p>\n<p>Die Justizverwaltung ist als Tr\u00e4gerin der Bew\u00e4hrungshilfe zum sparsamen Umgang mit Haushaltsmitteln verpflichtet. Deshalb vermag sie nicht alles zu finanzieren, was durch Bew\u00e4hrungshilfe \u00fcber die blo\u00dfe Verwaltung hinaus machbar ist.<\/p>\n<p>Der F\u00f6rderkreis hat in den\u00a0Jahren seines Bestehens immer wieder erg\u00e4nzende Geldmittel zur Verf\u00fcgung stellen k\u00f6nnen, die f\u00fcr die Durchf\u00fchrung solcher und anderer sinnvoller Ma\u00dfnahmen erforderlich waren.<\/p>\n<p>Beispielsweise erfolgten Ausgaben f\u00fcr:<\/p>\n<p>[\/et_pb_text][\/et_pb_column][\/et_pb_row][\/et_pb_section][et_pb_section fb_built=&#8220;1&#8243; admin_label=&#8220;Resources&#8220; _builder_version=&#8220;4.16&#8243; background_image=&#8220;https:\/\/restart-ahlen.de\/wp-content\/uploads\/2022\/03\/financial-advisor-background-4.png&#8220; background_size=&#8220;initial&#8220; background_position=&#8220;top_center&#8220; locked=&#8220;off&#8220; global_colors_info=&#8220;{}&#8220;][et_pb_row column_structure=&#8220;1_2,1_2&#8243; make_equal=&#8220;on&#8220; _builder_version=&#8220;4.16&#8243; locked=&#8220;off&#8220; global_colors_info=&#8220;{}&#8220;][et_pb_column type=&#8220;1_2&#8243; _builder_version=&#8220;4.16&#8243; background_color=&#8220;#283444&#8243; custom_padding=&#8220;30px|30px|30px|30px|true|true&#8220; custom_padding_tablet=&#8220;&#8220; custom_padding_phone=&#8220;|20px||20px|true|true&#8220; custom_padding_last_edited=&#8220;on|phone&#8220; global_colors_info=&#8220;{}&#8220;][et_pb_image src=&#8220;https:\/\/restart-ahlen.de\/wp-content\/uploads\/2022\/03\/financial-advisor-icon-7.png&#8220; _builder_version=&#8220;4.16&#8243; global_colors_info=&#8220;{}&#8220;][\/et_pb_image][et_pb_text _builder_version=&#8220;4.16&#8243; text_font=&#8220;Darker Grotesque|600|||||||&#8220; text_text_color=&#8220;#ddccb8&#8243; text_font_size=&#8220;18px&#8220; text_line_height=&#8220;1.4em&#8220; header_font=&#8220;Darker Grotesque|900|||||||&#8220; header_text_color=&#8220;#ddccb8&#8243; header_font_size=&#8220;36px&#8220; header_2_font=&#8220;Darker Grotesque|900|||||||&#8220; header_2_text_color=&#8220;#ddccb8&#8243; header_2_font_size=&#8220;36px&#8220; header_3_font=&#8220;Darker Grotesque|900|||||||&#8220; header_3_text_color=&#8220;#ddccb8&#8243; header_3_font_size=&#8220;36px&#8220; header_4_font=&#8220;Darker Grotesque|900|||||||&#8220; header_4_text_color=&#8220;#ddccb8&#8243; header_4_font_size=&#8220;36px&#8220; header_5_font=&#8220;Darker Grotesque|900|||||||&#8220; header_5_text_color=&#8220;#ddccb8&#8243; header_5_font_size=&#8220;36px&#8220; header_6_font=&#8220;Darker Grotesque|900|||||||&#8220; header_6_text_color=&#8220;#ddccb8&#8243; header_6_font_size=&#8220;36px&#8220; text_orientation=&#8220;justified&#8220; background_layout=&#8220;dark&#8220; header_font_size_tablet=&#8220;30px&#8220; header_font_size_phone=&#8220;24px&#8220; header_font_size_last_edited=&#8220;on|phone&#8220; header_2_font_size_tablet=&#8220;30px&#8220; header_2_font_size_phone=&#8220;24px&#8220; header_2_font_size_last_edited=&#8220;on|phone&#8220; header_3_font_size_tablet=&#8220;30px&#8220; header_3_font_size_phone=&#8220;24px&#8220; header_3_font_size_last_edited=&#8220;on|phone&#8220; header_4_font_size_tablet=&#8220;30px&#8220; header_4_font_size_phone=&#8220;24px&#8220; header_4_font_size_last_edited=&#8220;on|phone&#8220; header_5_font_size_tablet=&#8220;30px&#8220; header_5_font_size_phone=&#8220;24px&#8220; header_5_font_size_last_edited=&#8220;on|phone&#8220; header_6_font_size_tablet=&#8220;30px&#8220; header_6_font_size_phone=&#8220;24px&#8220; header_6_font_size_last_edited=&#8220;on|phone&#8220; global_colors_info=&#8220;{}&#8220;]<\/p>\n<h3>Leistungen aus dem Opfer-Entsch\u00e4digungs-Fonds<\/h3>\n<p>[\/et_pb_text][\/et_pb_column][et_pb_column type=&#8220;1_2&#8243; _builder_version=&#8220;4.16&#8243; background_color=&#8220;#ddccb8&#8243; custom_padding=&#8220;30px|30px|30px|30px|true|true&#8220; custom_padding_tablet=&#8220;&#8220; custom_padding_phone=&#8220;|20px||20px|true|true&#8220; custom_padding_last_edited=&#8220;on|phone&#8220; global_colors_info=&#8220;{}&#8220;][et_pb_image src=&#8220;https:\/\/restart-ahlen.de\/wp-content\/uploads\/2022\/03\/financial-advisor-icon-10-2.png&#8220; _builder_version=&#8220;4.16&#8243; locked=&#8220;off&#8220; global_colors_info=&#8220;{}&#8220;][\/et_pb_image][et_pb_text _builder_version=&#8220;4.16&#8243; text_font=&#8220;Darker Grotesque|600|||||||&#8220; text_text_color=&#8220;#ddccb8&#8243; text_font_size=&#8220;18px&#8220; text_line_height=&#8220;1.4em&#8220; header_font=&#8220;Darker Grotesque|900|||||||&#8220; header_text_color=&#8220;#ddccb8&#8243; header_font_size=&#8220;36px&#8220; header_2_font=&#8220;Darker Grotesque|900|||||||&#8220; header_2_text_color=&#8220;#ddccb8&#8243; header_2_font_size=&#8220;36px&#8220; header_3_font=&#8220;Darker Grotesque|900|||||||&#8220; header_3_text_color=&#8220;#283444&#8243; header_3_font_size=&#8220;36px&#8220; header_4_font=&#8220;Darker Grotesque|900|||||||&#8220; header_4_text_color=&#8220;#ddccb8&#8243; header_4_font_size=&#8220;36px&#8220; header_5_font=&#8220;Darker Grotesque|900|||||||&#8220; header_5_text_color=&#8220;#ddccb8&#8243; header_5_font_size=&#8220;36px&#8220; header_6_font=&#8220;Darker Grotesque|900|||||||&#8220; header_6_text_color=&#8220;#ddccb8&#8243; header_6_font_size=&#8220;36px&#8220; text_orientation=&#8220;justified&#8220; header_font_size_tablet=&#8220;30px&#8220; header_font_size_phone=&#8220;24px&#8220; header_font_size_last_edited=&#8220;on|phone&#8220; header_2_font_size_tablet=&#8220;30px&#8220; header_2_font_size_phone=&#8220;24px&#8220; header_2_font_size_last_edited=&#8220;on|phone&#8220; header_3_font_size_tablet=&#8220;30px&#8220; header_3_font_size_phone=&#8220;24px&#8220; header_3_font_size_last_edited=&#8220;on|phone&#8220; header_4_font_size_tablet=&#8220;30px&#8220; header_4_font_size_phone=&#8220;24px&#8220; header_4_font_size_last_edited=&#8220;on|phone&#8220; header_5_font_size_tablet=&#8220;30px&#8220; header_5_font_size_phone=&#8220;24px&#8220; header_5_font_size_last_edited=&#8220;on|phone&#8220; header_6_font_size_tablet=&#8220;30px&#8220; header_6_font_size_phone=&#8220;24px&#8220; header_6_font_size_last_edited=&#8220;on|phone&#8220; locked=&#8220;off&#8220; global_colors_info=&#8220;{}&#8220;]<\/p>\n<h3>soziale Trainingsma\u00dfnahmen, z.B. Antigewaltprogramm<\/h3>\n<p>[\/et_pb_text][\/et_pb_column][\/et_pb_row][et_pb_row make_equal=&#8220;on&#8220; _builder_version=&#8220;4.16&#8243; locked=&#8220;off&#8220; global_colors_info=&#8220;{}&#8220;][et_pb_column type=&#8220;4_4&#8243; _builder_version=&#8220;4.16&#8243; background_color=&#8220;#ddccb8&#8243; custom_padding=&#8220;30px|30px|30px|30px|true|true&#8220; custom_padding_tablet=&#8220;&#8220; custom_padding_phone=&#8220;|20px||20px|true|true&#8220; custom_padding_last_edited=&#8220;on|phone&#8220; global_colors_info=&#8220;{}&#8220;][et_pb_image src=&#8220;https:\/\/restart-ahlen.de\/wp-content\/uploads\/2022\/03\/financial-advisor-icon-81x.png&#8220; title_text=&#8220;financial-advisor-icon-81x&#8220; _builder_version=&#8220;4.16&#8243; locked=&#8220;off&#8220; global_colors_info=&#8220;{}&#8220;][\/et_pb_image][et_pb_text _builder_version=&#8220;4.16&#8243; text_font=&#8220;Darker Grotesque|600|||||||&#8220; text_text_color=&#8220;#ddccb8&#8243; text_font_size=&#8220;18px&#8220; text_line_height=&#8220;1.4em&#8220; header_font=&#8220;Darker Grotesque|900|||||||&#8220; header_text_color=&#8220;#ddccb8&#8243; header_font_size=&#8220;36px&#8220; header_2_font=&#8220;Darker Grotesque|900|||||||&#8220; header_2_text_color=&#8220;#ddccb8&#8243; header_2_font_size=&#8220;36px&#8220; header_3_font=&#8220;Darker Grotesque|900|||||||&#8220; header_3_text_color=&#8220;#283444&#8243; header_3_font_size=&#8220;36px&#8220; header_4_font=&#8220;Darker Grotesque|900|||||||&#8220; header_4_text_color=&#8220;#ddccb8&#8243; header_4_font_size=&#8220;36px&#8220; header_5_font=&#8220;Darker Grotesque|900|||||||&#8220; header_5_text_color=&#8220;#ddccb8&#8243; header_5_font_size=&#8220;36px&#8220; header_6_font=&#8220;Darker Grotesque|900|||||||&#8220; header_6_text_color=&#8220;#ddccb8&#8243; header_6_font_size=&#8220;36px&#8220; text_orientation=&#8220;justified&#8220; header_font_size_tablet=&#8220;30px&#8220; header_font_size_phone=&#8220;24px&#8220; header_font_size_last_edited=&#8220;on|phone&#8220; header_2_font_size_tablet=&#8220;30px&#8220; header_2_font_size_phone=&#8220;24px&#8220; header_2_font_size_last_edited=&#8220;on|phone&#8220; header_3_font_size_tablet=&#8220;30px&#8220; header_3_font_size_phone=&#8220;24px&#8220; header_3_font_size_last_edited=&#8220;on|phone&#8220; header_4_font_size_tablet=&#8220;30px&#8220; header_4_font_size_phone=&#8220;24px&#8220; header_4_font_size_last_edited=&#8220;on|phone&#8220; header_5_font_size_tablet=&#8220;30px&#8220; header_5_font_size_phone=&#8220;24px&#8220; header_5_font_size_last_edited=&#8220;on|phone&#8220; header_6_font_size_tablet=&#8220;30px&#8220; header_6_font_size_phone=&#8220;24px&#8220; header_6_font_size_last_edited=&#8220;on|phone&#8220; locked=&#8220;off&#8220; global_colors_info=&#8220;{}&#8220;]<\/p>\n<h3>Leistungen f\u00fcr zweckgebundene Beratung von verschuldeten Bew\u00e4hrungsprobanden durch einen Schuldenberater oder eine Beratungsorganisation.<\/h3>\n<p>[\/et_pb_text][\/et_pb_column][\/et_pb_row][\/et_pb_section]<\/p>\n","protected":false},"excerpt":{"rendered":"<p>Hilfe zum Helfen\u2026ist nicht paradox. Sie ist notwendig, wenn Bew\u00e4hrungshilfe mehr sein will als blo\u00dfe Verwaltung des Resozialisierungsgedankens. Die Justizverwaltung ist als Tr\u00e4gerin der Bew\u00e4hrungshilfe zum sparsamen Umgang mit Haushaltsmitteln verpflichtet. Deshalb vermag sie nicht alles zu finanzieren, was durch Bew\u00e4hrungshilfe \u00fcber die blo\u00dfe Verwaltung hinaus machbar ist. Der F\u00f6rderkreis hat in den\u00a0Jahren seines Bestehens [&hellip;]<\/p>\n","protected":false},"author":1,"featured_media":0,"parent":0,"menu_order":0,"comment_status":"closed","ping_status":"closed","template":"","meta":{"_et_pb_use_builder":"on","_et_pb_old_content":"","_et_gb_content_width":"","om_disable_all_campaigns":false,"_monsterinsights_skip_tracking":false,"_monsterinsights_sitenote_active":false,"_monsterinsights_sitenote_note":"","_monsterinsights_sitenote_category":0,"footnotes":""},"class_list":["post-103","page","type-page","status-publish","hentry"],"aioseo_notices":[],"_links":{"self":[{"href":"https:\/\/restart-ahlen.de\/index.php?rest_route=\/wp\/v2\/pages\/103","targetHints":{"allow":["GET"]}}],"collection":[{"href":"https:\/\/restart-ahlen.de\/index.php?rest_route=\/wp\/v2\/pages"}],"about":[{"href":"https:\/\/restart-ahlen.de\/index.php?rest_route=\/wp\/v2\/types\/page"}],"author":[{"embeddable":true,"href":"https:\/\/restart-ahlen.de\/index.php?rest_route=\/wp\/v2\/users\/1"}],"replies":[{"embeddable":true,"href":"https:\/\/restart-ahlen.de\/index.php?rest_route=%2Fwp%2Fv2%2Fcomments&post=103"}],"version-history":[{"count":7,"href":"https:\/\/restart-ahlen.de\/index.php?rest_route=\/wp\/v2\/pages\/103\/revisions"}],"predecessor-version":[{"id":200,"href":"https:\/\/restart-ahlen.de\/index.php?rest_route=\/wp\/v2\/pages\/103\/revisions\/200"}],"wp:attachment":[{"href":"https:\/\/restart-ahlen.de\/index.php?rest_route=%2Fwp%2Fv2%2Fmedia&parent=103"}],"curies":[{"name":"wp","href":"https:\/\/api.w.org\/{rel}","templated":true}]}}